{"id":17,"date":"2023-07-31T17:20:00","date_gmt":"2023-07-31T20:20:00","guid":{"rendered":"https:\/\/hhh.memo.museudapessoa.org\/vidas-indigenas-maranhao\/home\/"},"modified":"2023-08-18T00:01:42","modified_gmt":"2023-08-18T03:01:42","slug":"home","status":"publish","type":"page","link":"https:\/\/hhh.memo.museudapessoa.org\/vidas-indigenas-maranhao\/","title":{"rendered":"Home"},"content":{"rendered":"\n\n\n<div style=\"height:25px\" aria-hidden=\"true\" class=\"wp-block-spacer\"><\/div>\n\n\n\n<div style=\"height:25px\" aria-hidden=\"true\" class=\"wp-block-spacer\"><\/div>\n\n\n\n        <section class=\"conteudo\">\n          <div class=\"container\">\n            <div class=\"row\">\n              <div class=\"col-md-12 conteudo content margin- text-md-\">\n                \n<p class=\"has-medium-font-size\"><strong>Conhe\u00e7a as hist\u00f3rias dos povos Guajajara, Ka\u2019apor e Aw\u00e1-Guaj\u00e1 no Maranh\u00e3o!<\/strong><\/p>\n\n              <\/div>\n            <\/div>\n          <\/div>\n        <\/section>\n\n\n        <section class=\"conteudo\">\n          <div class=\"container\">\n            <div class=\"row\">\n              <div class=\"col-md-12 conteudo content margin- text-md-\">\n                \n<p>Para colaborar com o registro das narrativas de anci\u00e3os das comunidades dos povos Guajajara, Ka\u2019apor e Aw\u00e1-Guaj\u00e1, a Vale, o Instituto Cultural Vale e o Museu da Pessoa se uniram na iniciativa <strong>Vidas Ind\u00edgenas Maranh\u00e3o<\/strong>, que integra o programa&nbsp; Vidas Ind\u00edgenas e Patrim\u00f4nios Imateriais do Museu da Pessoa.<\/p>\n\n              <\/div>\n            <\/div>\n          <\/div>\n        <\/section>\n\n\n        <section class=\"conteudo\">\n          <div class=\"container\">\n            <div class=\"row\">\n              <div class=\"col-md-12 conteudo content margin- text-md-\">\n                \n<p>Por meio do <strong>Vidas Ind\u00edgenas Maranh\u00e3o<\/strong>, mais de 40 jovens ind\u00edgenas receberam forma\u00e7\u00f5es gratuitas sobre t\u00e9cnicas de audiovisual e sobre a <a href=\"https:\/\/museudapessoa.org\/wp-content\/uploads\/2021\/06\/Livro-Tecnologia-Social-da-Memoria.pdf\">Tecnologia Social da Mem\u00f3ria<\/a>, desenvolvida pelo Museu da Pessoa. O projeto foi realizado nas aldeias da Terra Ind\u00edgena (TI) Pindar\u00e9, TI Alto Turia\u00e7u e TI Caru. Os povos participantes foram <strong>Guajajara<\/strong>, no munic\u00edpio Bom Jardim, <strong>Ka\u2019apor<\/strong>, no munic\u00edpio Z\u00e9 Doca, e <strong>Aw\u00e1-Guaj\u00e1<\/strong>, no munic\u00edpio Alto Alegre, todos no Maranh\u00e3o.<\/p>\n\n              <\/div>\n            <\/div>\n          <\/div>\n        <\/section>\n\n\n        <section class=\"conteudo\">\n          <div class=\"container\">\n            <div class=\"row\">\n              <div class=\"col-md-12 conteudo content margin- text-md-\">\n                \n<p>Neste site, voc\u00ea encontra o resultado desses trabalhos: s\u00e3o document\u00e1rios, depoimentos de hist\u00f3rias de vida, registros de rodas de hist\u00f3rias e detalhes sobre o processo de forma\u00e7\u00e3o e de mobiliza\u00e7\u00e3o das comunidades.&nbsp;<\/p>\n\n              <\/div>\n            <\/div>\n          <\/div>\n        <\/section>\n\n\n        <section class=\"conteudo\">\n          <div class=\"container\">\n            <div class=\"row\">\n              <div class=\"col-md-12 conteudo content margin- text-md-\">\n                \n<p>Durante o projeto, tamb\u00e9m foram concebidas iniciativas como a <a href=\"https:\/\/hhh.memo.museudapessoa.org\/vidas-indigenas-maranhao\/floresta-de-historias\/\">Floresta de Hist\u00f3rias<\/a> e o movimento <a href=\"https:\/\/hhh.memo.museudapessoa.org\/vidas-indigenas-maranhao\/guardioes-da-memoria\/\">Guardi\u00f5es da Mem\u00f3ria,<\/a> com participa\u00e7\u00e3o ativa de jovens ind\u00edgenas.<\/p>\n\n              <\/div>\n            <\/div>\n          <\/div>\n        <\/section>\n\n\n        <section class=\"conteudo\">\n          <div class=\"container\">\n            <div class=\"row\">\n              <div class=\"col-md-12 conteudo content margin- text-md-\">\n                \n<p>Boa navega\u00e7\u00e3o!<\/p>\n\n              <\/div>\n            <\/div>\n          <\/div>\n        <\/section>\n\n\n        <section class=\"conteudo\">\n          <div class=\"container\">\n            <div class=\"row\">\n              <div class=\"col-md-12 conteudo content margin- text-md-\">\n                \n<h2 id=\"documentarios\" class=\"wp-block-heading\">Document\u00e1rios<\/h2>\n\n              <\/div>\n            <\/div>\n          <\/div>\n        <\/section>\n\n\n        <section class=\"conteudo\">\n          <div class=\"container\">\n            <div class=\"row\">\n              <div class=\"col-md-12 conteudo content margin- text-md-\">\n                \n<p>Um dos resultados do projeto foi a produ\u00e7\u00e3o de document\u00e1rios, concebidos pelos povos ind\u00edgenas. Clique nas imagens abaixo para assistir aos filmes desenvolvidos.<\/p>\n\n              <\/div>\n            <\/div>\n          <\/div>\n        <\/section>\n\n\n\n<section id=\"block-carousel\"  class=' margin-top-small margin-bottom-medium padding-top-0 padding-bottom-0'>\n  <div class=\"container\">\n        <\/div>\n    <div class=\"container-fluid\">\n    <div class=\"row\">\n      <div class=\"col-md-12 px-0\">\n        <div data-items=\"1\" class=\"block-carousel owl-theme owl-carousel\">\n                          <div class=\"row\">\n                <div class=\"col-md-12 mb-4 mb-md-0\">\n                  <div class=\"block-carousel-item\">\n                    <a target='_blank' href='https:\/\/www.youtube.com\/watch?v=6dHupQqUV9U'>                    <img decoding=\"async\" class=\"w-100 lazyload\" data-src=\"https:\/\/hhh.memo.museudapessoa.org\/vidas-indigenas-maranhao\/wp-content\/uploads\/sites\/24\/2023\/08\/floresta-historia_caru2-1024x768.jpg\" alt=\"Document\u00e1rio do povo Guajajara TI Car\u00fa\" src=\"data:image\/gif;base64,R0lGODlhAQABAAAAACH5BAEKAAEALAAAAAABAAEAAAICTAEAOw==\" style=\"--smush-placeholder-width: 1024px; --smush-placeholder-aspect-ratio: 1024\/768;\"><noscript><img decoding=\"async\" class=\"w-100\" src=\"https:\/\/hhh.memo.museudapessoa.org\/vidas-indigenas-maranhao\/wp-content\/uploads\/sites\/24\/2023\/08\/floresta-historia_caru2-1024x768.jpg\" alt=\"Document\u00e1rio do povo Guajajara TI Car\u00fa\"><\/noscript>\n                                        <div class=\"block-carousel-item__description\">\n                        Document\u00e1rio do povo Guajajara TI Car\u00fa                    <\/div>\n                    <\/a>                                      <\/div>\n                <\/div>\n              <\/div>\n                          <div class=\"row\">\n                <div class=\"col-md-12 mb-4 mb-md-0\">\n                  <div class=\"block-carousel-item\">\n                    <a target='_blank' href='https:\/\/www.youtube.com\/watch?v=tpz0svZbTfk'>                    <img decoding=\"async\" class=\"w-100 lazyload\" data-src=\"https:\/\/hhh.memo.museudapessoa.org\/vidas-indigenas-maranhao\/wp-content\/uploads\/sites\/24\/2023\/08\/guaj_pindare_grav-entrevista2-1024x461.jpg\" alt=\"Document\u00e1rio do povo Guajajara TI Pindar\u00e9\" src=\"data:image\/gif;base64,R0lGODlhAQABAAAAACH5BAEKAAEALAAAAAABAAEAAAICTAEAOw==\" style=\"--smush-placeholder-width: 1024px; --smush-placeholder-aspect-ratio: 1024\/461;\"><noscript><img decoding=\"async\" class=\"w-100\" src=\"https:\/\/hhh.memo.museudapessoa.org\/vidas-indigenas-maranhao\/wp-content\/uploads\/sites\/24\/2023\/08\/guaj_pindare_grav-entrevista2-1024x461.jpg\" alt=\"Document\u00e1rio do povo Guajajara TI Pindar\u00e9\"><\/noscript>\n                                        <div class=\"block-carousel-item__description\">\n                        Document\u00e1rio do povo Guajajara TI Pindar\u00e9                    <\/div>\n                    <\/a>                                      <\/div>\n                <\/div>\n              <\/div>\n                          <div class=\"row\">\n                <div class=\"col-md-12 mb-4 mb-md-0\">\n                  <div class=\"block-carousel-item\">\n                    <a target='_blank' href='https:\/\/www.youtube.com\/watch?v=EFNvW0tEj70'>                    <img decoding=\"async\" class=\"w-100 lazyload\" data-src=\"https:\/\/hhh.memo.museudapessoa.org\/vidas-indigenas-maranhao\/wp-content\/uploads\/sites\/24\/2023\/08\/individual_culminancia-1-1024x682.jpg\" alt=\"Document\u00e1rio do povo Ka'apor\" src=\"data:image\/gif;base64,R0lGODlhAQABAAAAACH5BAEKAAEALAAAAAABAAEAAAICTAEAOw==\" style=\"--smush-placeholder-width: 1024px; --smush-placeholder-aspect-ratio: 1024\/682;\"><noscript><img decoding=\"async\" class=\"w-100\" src=\"https:\/\/hhh.memo.museudapessoa.org\/vidas-indigenas-maranhao\/wp-content\/uploads\/sites\/24\/2023\/08\/individual_culminancia-1-1024x682.jpg\" alt=\"Document\u00e1rio do povo Ka'apor\"><\/noscript>\n                                        <div class=\"block-carousel-item__description\">\n                        Document\u00e1rio do povo Ka&#8217;apor                    <\/div>\n                    <\/a>                                      <\/div>\n                <\/div>\n              <\/div>\n                          <div class=\"row\">\n                <div class=\"col-md-12 mb-4 mb-md-0\">\n                  <div class=\"block-carousel-item\">\n                    <a target='_blank' href='https:\/\/www.youtube.com\/watch?v=VTCtVVn68HE'>                    <img decoding=\"async\" class=\"w-100 lazyload\" data-src=\"https:\/\/hhh.memo.museudapessoa.org\/vidas-indigenas-maranhao\/wp-content\/uploads\/sites\/24\/2023\/08\/roda-historias_awa-1024x768.jpg\" alt=\"Document\u00e1rio do povo Awa-Guaj\u00e1\" src=\"data:image\/gif;base64,R0lGODlhAQABAAAAACH5BAEKAAEALAAAAAABAAEAAAICTAEAOw==\" style=\"--smush-placeholder-width: 1024px; --smush-placeholder-aspect-ratio: 1024\/768;\"><noscript><img decoding=\"async\" class=\"w-100\" src=\"https:\/\/hhh.memo.museudapessoa.org\/vidas-indigenas-maranhao\/wp-content\/uploads\/sites\/24\/2023\/08\/roda-historias_awa-1024x768.jpg\" alt=\"Document\u00e1rio do povo Awa-Guaj\u00e1\"><\/noscript>\n                                        <div class=\"block-carousel-item__description\">\n                        Document\u00e1rio do povo Awa-Guaj\u00e1                    <\/div>\n                    <\/a>                                      <\/div>\n                <\/div>\n              <\/div>\n                    <\/div>\n      <\/div>\n    <\/div>\n  <\/div>\n<\/section>\n\n\n\n\n\n        <section class=\"conteudo\">\n          <div class=\"container\">\n            <div class=\"row\">\n              <div class=\"col-md-12 conteudo content margin- text-md-\">\n                \n<h2 id=\"historias-de-vida\" class=\"wp-block-heading\">Hist\u00f3rias de vida<\/h2>\n\n              <\/div>\n            <\/div>\n          <\/div>\n        <\/section>\n\n\n        <section class=\"conteudo\">\n          <div class=\"container\">\n            <div class=\"row\">\n              <div class=\"col-md-12 conteudo content margin- text-md-\">\n                \n<p>Durante o projeto, foram registradas 70 hist\u00f3rias de vida de membros dos povos Guajajara, Ka\u2019apor e Aw\u00e1-Guaj\u00e1. Conhe\u00e7a algumas delas!<\/p>\n\n              <\/div>\n            <\/div>\n          <\/div>\n        <\/section>\n\n\n<section id=\"historias-destaque\" class='histories-home margin-top-small margin-bottom-medium padding-top-0 padding-bottom-0'>\n    <div class=\"container-fluid\">\n    <div class=\"row\">\n            <div class=\"history-item col-6 col-md mb-4 mb-md-3 wow fadeInUp\" data-wow-delay=\"0.0s\">\n          <a href=\"https:\/\/hhh.memo.museudapessoa.org\/vidas-indigenas-maranhao\/historia-detalhe\/22225\/\">\n          <picture><source data-srcset='https:\/\/memo.museudapessoa.org\/app\/_lib\/file\/img\/20220716_233551.jpg' \/>\n\t\t<img  data-src='https:\/\/memo.museudapessoa.org\/app\/_lib\/file\/img\/20220716_233551.jpg' alt='Minha festa da menina mo\u00e7a' src='data:image\/gif;base64,R0lGODlhAQABAAAAACH5BAEKAAEALAAAAAABAAEAAAICTAEAOw==' class='lazyload' \/><noscript><img  src='https:\/\/memo.museudapessoa.org\/app\/_lib\/file\/img\/20220716_233551.jpg' alt='Minha festa da menina mo\u00e7a' \/><\/noscript><\/picture>          <h3 class=\"title-small\">Minha festa da menina mo\u00e7a<\/h3>\n          <\/a>\n      <\/div>\n            <div class=\"history-item col-6 col-md mb-4 mb-md-3 wow fadeInUp\" data-wow-delay=\"0.1s\">\n          <a href=\"https:\/\/hhh.memo.museudapessoa.org\/vidas-indigenas-maranhao\/historia-detalhe\/22219\/\">\n          <picture><source data-srcset='https:\/\/memo.museudapessoa.org\/app\/_lib\/file\/img\/Captura-de-Tela-_10_.jpg' \/>\n\t\t<img  data-src='https:\/\/memo.museudapessoa.org\/app\/_lib\/file\/img\/Captura-de-Tela-_10_.jpg' alt='Saberes Origin\u00e1rios' src='data:image\/gif;base64,R0lGODlhAQABAAAAACH5BAEKAAEALAAAAAABAAEAAAICTAEAOw==' class='lazyload' \/><noscript><img  src='https:\/\/memo.museudapessoa.org\/app\/_lib\/file\/img\/Captura-de-Tela-_10_.jpg' alt='Saberes Origin\u00e1rios' \/><\/noscript><\/picture>          <h3 class=\"title-small\">Saberes Origin\u00e1rios<\/h3>\n          <\/a>\n      <\/div>\n            <div class=\"history-item col-6 col-md mb-4 mb-md-3 wow fadeInUp\" data-wow-delay=\"0.2s\">\n          <a href=\"https:\/\/hhh.memo.museudapessoa.org\/vidas-indigenas-maranhao\/historia-detalhe\/22237\/\">\n          <picture><source data-srcset='https:\/\/memo.museudapessoa.org\/app\/_lib\/file\/img\/VIM_HV041.jpg' \/>\n\t\t<img  data-src='https:\/\/memo.museudapessoa.org\/app\/_lib\/file\/img\/VIM_HV041.jpg' alt='Nasci para cantar' src='data:image\/gif;base64,R0lGODlhAQABAAAAACH5BAEKAAEALAAAAAABAAEAAAICTAEAOw==' class='lazyload' \/><noscript><img  src='https:\/\/memo.museudapessoa.org\/app\/_lib\/file\/img\/VIM_HV041.jpg' alt='Nasci para cantar' \/><\/noscript><\/picture>          <h3 class=\"title-small\">Nasci para cantar<\/h3>\n          <\/a>\n      <\/div>\n          <\/div>\n  <\/div>\n<\/section>\n\n\n\n\n        <section class=\"conteudo\">\n          <div class=\"container\">\n            <div class=\"row\">\n              <div class=\"col-md-12 conteudo content margin- text-md-\">\n                <div class=\"block-btn text-center \">\n<a class=\"btn \" href=\"https:\/\/museudapessoa.org\/colecao-detalhe\/?id=754\" target=\"_blank\">Acesse a cole\u00e7\u00e3o com todas as hist\u00f3rias de vida<\/a>\n<\/div>\n              <\/div>\n            <\/div>\n          <\/div>\n        <\/section>\n\n\n<section id=\"logos\" class='footer-logos margin-top-large margin-bottom-small padding-top-0 padding-bottom-0'>\n  <div class=\"container\">\n    <div class=\"row justify-content-center\">\n            <div class=\"col-md-4 mb-5\" style=\"max-width:50%\">\n          <div class=\"row\">\n                        <div class=\"col-12 text-center\">             \n                  <p><b>Realiza\u00e7\u00e3o<\/b><\/p>\n              <\/div>  \n               \n            <div class=\"col \">\n              <div class=\"row justify-content-center\">\n                                  <div class=\"col-auto align-self-center px-4 mb-4\">\n                                        <img decoding=\"async\" class=\"footer-logos__image lazyload\" data-src=\"https:\/\/hhh.memo.museudapessoa.org\/vidas-indigenas-maranhao\/wp-content\/uploads\/sites\/24\/2023\/08\/mupe.png\" alt=\"Museu da Pessoa\" src=\"data:image\/gif;base64,R0lGODlhAQABAAAAACH5BAEKAAEALAAAAAABAAEAAAICTAEAOw==\" style=\"--smush-placeholder-width: 225px; --smush-placeholder-aspect-ratio: 225\/115;\"><noscript><img decoding=\"async\" class=\"footer-logos__image\" src=\"https:\/\/hhh.memo.museudapessoa.org\/vidas-indigenas-maranhao\/wp-content\/uploads\/sites\/24\/2023\/08\/mupe.png\" alt=\"Museu da Pessoa\"><\/noscript>\n                                      <\/div>\n                                  <div class=\"col-auto align-self-center px-4 mb-4\">\n                                            <a target=\"_blank\" href=\"https:\/\/www.vale.com\/pt\/\">\n                                        <img decoding=\"async\" class=\"footer-logos__image lazyload\" data-src=\"https:\/\/hhh.memo.museudapessoa.org\/vidas-indigenas-maranhao\/wp-content\/uploads\/sites\/24\/2023\/08\/Vale.png\" alt=\"Vale\" src=\"data:image\/gif;base64,R0lGODlhAQABAAAAACH5BAEKAAEALAAAAAABAAEAAAICTAEAOw==\" style=\"--smush-placeholder-width: 220px; --smush-placeholder-aspect-ratio: 220\/110;\"><noscript><img decoding=\"async\" class=\"footer-logos__image\" src=\"https:\/\/hhh.memo.museudapessoa.org\/vidas-indigenas-maranhao\/wp-content\/uploads\/sites\/24\/2023\/08\/Vale.png\" alt=\"Vale\"><\/noscript>\n                                            <\/a>\n                                      <\/div>\n                              <\/div>\n            <\/div>\n          <\/div>\n        <\/div>\n              <div class=\"col-md-4 mb-5\" style=\"max-width:50%\">\n          <div class=\"row\">\n                        <div class=\"col-12 text-center\">             \n                  <p><b>Tecnologia<\/b><\/p>\n              <\/div>  \n               \n            <div class=\"col \">\n              <div class=\"row justify-content-center\">\n                                  <div class=\"col-auto align-self-center px-4 mb-4\">\n                                            <a target=\"_blank\" href=\"https:\/\/museudapessoa.org\/\">\n                                        <img decoding=\"async\" class=\"footer-logos__image lazyload\" data-src=\"https:\/\/hhh.memo.museudapessoa.org\/vidas-indigenas-maranhao\/wp-content\/uploads\/sites\/24\/2023\/08\/memo.png\" alt=\"Mem\u00f4 por Museu da Pessoa\" src=\"data:image\/gif;base64,R0lGODlhAQABAAAAACH5BAEKAAEALAAAAAABAAEAAAICTAEAOw==\" style=\"--smush-placeholder-width: 210px; --smush-placeholder-aspect-ratio: 210\/107;\"><noscript><img decoding=\"async\" class=\"footer-logos__image\" src=\"https:\/\/hhh.memo.museudapessoa.org\/vidas-indigenas-maranhao\/wp-content\/uploads\/sites\/24\/2023\/08\/memo.png\" alt=\"Mem\u00f4 por Museu da Pessoa\"><\/noscript>\n                                            <\/a>\n                                      <\/div>\n                              <\/div>\n            <\/div>\n          <\/div>\n        <\/div>\n            <\/div>\n    <\/div>\n  <\/div>\n<\/section>\n\n","protected":false},"excerpt":{"rendered":"<p>Conhe\u00e7a as hist\u00f3rias dos povos Guajajara, Ka\u2019apor e Aw\u00e1-Guaj\u00e1 no Maranh\u00e3o! Para colaborar com o registro das narrativas de anci\u00e3os das comunidades dos povos Guajajara, Ka\u2019apor e Aw\u00e1-Guaj\u00e1, a Vale, o Instituto Cultural Vale e o Museu da Pessoa se&#8230;<\/p>\n","protected":false},"author":1,"featured_media":0,"parent":0,"menu_order":0,"comment_status":"closed","ping_status":"closed","template":"","meta":{"_acf_changed":false,"footnotes":""},"class_list":["post-17","page","type-page","status-publish","hentry"],"acf":[],"yoast_head":"<!-- This site is optimized with the Yoast SEO plugin v23.3 - https:\/\/yoast.com\/wordpress\/plugins\/seo\/ -->\n<title>Home - VIDAS IND\u00cdGENAS MARANH\u00c3O<\/title>\n<meta name=\"robots\" content=\"index, follow, max-snippet:-1, max-image-preview:large, max-video-preview:-1\" \/>\n<link rel=\"canonical\" href=\"https:\/\/hhh.memo.museudapessoa.org\/vidas-indigenas-maranhao\/\" \/>\n<meta property=\"og:locale\" content=\"pt_BR\" \/>\n<meta property=\"og:type\" content=\"article\" \/>\n<meta property=\"og:title\" content=\"Home - VIDAS IND\u00cdGENAS MARANH\u00c3O\" \/>\n<meta property=\"og:description\" content=\"Conhe\u00e7a as hist\u00f3rias dos povos Guajajara, Ka\u2019apor e Aw\u00e1-Guaj\u00e1 no Maranh\u00e3o! Para colaborar com o registro das narrativas de anci\u00e3os das comunidades dos povos Guajajara, Ka\u2019apor e Aw\u00e1-Guaj\u00e1, a Vale, o Instituto Cultural Vale e o Museu da Pessoa se...\" \/>\n<meta property=\"og:url\" content=\"https:\/\/hhh.memo.museudapessoa.org\/vidas-indigenas-maranhao\/\" \/>\n<meta property=\"og:site_name\" content=\"VIDAS IND\u00cdGENAS MARANH\u00c3O\" \/>\n<meta property=\"article:modified_time\" content=\"2023-08-18T03:01:42+00:00\" \/>\n<meta name=\"twitter:card\" content=\"summary_large_image\" \/>\n<meta name=\"twitter:label1\" content=\"Est. tempo de leitura\" \/>\n\t<meta name=\"twitter:data1\" content=\"1 minuto\" \/>\n<script type=\"application\/ld+json\" class=\"yoast-schema-graph\">{\"@context\":\"https:\/\/schema.org\",\"@graph\":[{\"@type\":\"WebPage\",\"@id\":\"https:\/\/hhh.memo.museudapessoa.org\/vidas-indigenas-maranhao\/\",\"url\":\"https:\/\/hhh.memo.museudapessoa.org\/vidas-indigenas-maranhao\/\",\"name\":\"Home - VIDAS IND\u00cdGENAS MARANH\u00c3O\",\"isPartOf\":{\"@id\":\"https:\/\/hhh.memo.museudapessoa.org\/vidas-indigenas-maranhao\/#website\"},\"datePublished\":\"2023-07-31T20:20:00+00:00\",\"dateModified\":\"2023-08-18T03:01:42+00:00\",\"breadcrumb\":{\"@id\":\"https:\/\/hhh.memo.museudapessoa.org\/vidas-indigenas-maranhao\/#breadcrumb\"},\"inLanguage\":\"pt-BR\",\"potentialAction\":[{\"@type\":\"ReadAction\",\"target\":[\"https:\/\/hhh.memo.museudapessoa.org\/vidas-indigenas-maranhao\/\"]}]},{\"@type\":\"BreadcrumbList\",\"@id\":\"https:\/\/hhh.memo.museudapessoa.org\/vidas-indigenas-maranhao\/#breadcrumb\",\"itemListElement\":[{\"@type\":\"ListItem\",\"position\":1,\"name\":\"Home\",\"item\":\"https:\/\/hhh.memo.museudapessoa.org\/vidas-indigenas-maranhao\/\"},{\"@type\":\"ListItem\",\"position\":2,\"name\":\"Home\"}]},{\"@type\":\"WebSite\",\"@id\":\"https:\/\/hhh.memo.museudapessoa.org\/vidas-indigenas-maranhao\/#website\",\"url\":\"https:\/\/hhh.memo.museudapessoa.org\/vidas-indigenas-maranhao\/\",\"name\":\"VIDAS IND\u00cdGENAS MARANH\u00c3O\",\"description\":\"\",\"potentialAction\":[{\"@type\":\"SearchAction\",\"target\":{\"@type\":\"EntryPoint\",\"urlTemplate\":\"https:\/\/hhh.memo.museudapessoa.org\/vidas-indigenas-maranhao\/?s={search_term_string}\"},\"query-input\":\"required name=search_term_string\"}],\"inLanguage\":\"pt-BR\"}]}<\/script>\n<!-- \/ Yoast SEO plugin. -->","yoast_head_json":{"title":"Home - VIDAS IND\u00cdGENAS MARANH\u00c3O","robots":{"index":"index","follow":"follow","max-snippet":"max-snippet:-1","max-image-preview":"max-image-preview:large","max-video-preview":"max-video-preview:-1"},"canonical":"https:\/\/hhh.memo.museudapessoa.org\/vidas-indigenas-maranhao\/","og_locale":"pt_BR","og_type":"article","og_title":"Home - VIDAS IND\u00cdGENAS MARANH\u00c3O","og_description":"Conhe\u00e7a as hist\u00f3rias dos povos Guajajara, Ka\u2019apor e Aw\u00e1-Guaj\u00e1 no Maranh\u00e3o! Para colaborar com o registro das narrativas de anci\u00e3os das comunidades dos povos Guajajara, Ka\u2019apor e Aw\u00e1-Guaj\u00e1, a Vale, o Instituto Cultural Vale e o Museu da Pessoa se...","og_url":"https:\/\/hhh.memo.museudapessoa.org\/vidas-indigenas-maranhao\/","og_site_name":"VIDAS IND\u00cdGENAS MARANH\u00c3O","article_modified_time":"2023-08-18T03:01:42+00:00","twitter_card":"summary_large_image","twitter_misc":{"Est. tempo de leitura":"1 minuto"},"schema":{"@context":"https:\/\/schema.org","@graph":[{"@type":"WebPage","@id":"https:\/\/hhh.memo.museudapessoa.org\/vidas-indigenas-maranhao\/","url":"https:\/\/hhh.memo.museudapessoa.org\/vidas-indigenas-maranhao\/","name":"Home - VIDAS IND\u00cdGENAS MARANH\u00c3O","isPartOf":{"@id":"https:\/\/hhh.memo.museudapessoa.org\/vidas-indigenas-maranhao\/#website"},"datePublished":"2023-07-31T20:20:00+00:00","dateModified":"2023-08-18T03:01:42+00:00","breadcrumb":{"@id":"https:\/\/hhh.memo.museudapessoa.org\/vidas-indigenas-maranhao\/#breadcrumb"},"inLanguage":"pt-BR","potentialAction":[{"@type":"ReadAction","target":["https:\/\/hhh.memo.museudapessoa.org\/vidas-indigenas-maranhao\/"]}]},{"@type":"BreadcrumbList","@id":"https:\/\/hhh.memo.museudapessoa.org\/vidas-indigenas-maranhao\/#breadcrumb","itemListElement":[{"@type":"ListItem","position":1,"name":"Home","item":"https:\/\/hhh.memo.museudapessoa.org\/vidas-indigenas-maranhao\/"},{"@type":"ListItem","position":2,"name":"Home"}]},{"@type":"WebSite","@id":"https:\/\/hhh.memo.museudapessoa.org\/vidas-indigenas-maranhao\/#website","url":"https:\/\/hhh.memo.museudapessoa.org\/vidas-indigenas-maranhao\/","name":"VIDAS IND\u00cdGENAS MARANH\u00c3O","description":"","potentialAction":[{"@type":"SearchAction","target":{"@type":"EntryPoint","urlTemplate":"https:\/\/hhh.memo.museudapessoa.org\/vidas-indigenas-maranhao\/?s={search_term_string}"},"query-input":"required name=search_term_string"}],"inLanguage":"pt-BR"}]}},"_links":{"self":[{"href":"https:\/\/hhh.memo.museudapessoa.org\/vidas-indigenas-maranhao\/wp-json\/wp\/v2\/pages\/17"}],"collection":[{"href":"https:\/\/hhh.memo.museudapessoa.org\/vidas-indigenas-maranhao\/wp-json\/wp\/v2\/pages"}],"about":[{"href":"https:\/\/hhh.memo.museudapessoa.org\/vidas-indigenas-maranhao\/wp-json\/wp\/v2\/types\/page"}],"author":[{"embeddable":true,"href":"https:\/\/hhh.memo.museudapessoa.org\/vidas-indigenas-maranhao\/wp-json\/wp\/v2\/users\/1"}],"replies":[{"embeddable":true,"href":"https:\/\/hhh.memo.museudapessoa.org\/vidas-indigenas-maranhao\/wp-json\/wp\/v2\/comments?post=17"}],"version-history":[{"count":66,"href":"https:\/\/hhh.memo.museudapessoa.org\/vidas-indigenas-maranhao\/wp-json\/wp\/v2\/pages\/17\/revisions"}],"predecessor-version":[{"id":361,"href":"https:\/\/hhh.memo.museudapessoa.org\/vidas-indigenas-maranhao\/wp-json\/wp\/v2\/pages\/17\/revisions\/361"}],"wp:attachment":[{"href":"https:\/\/hhh.memo.museudapessoa.org\/vidas-indigenas-maranhao\/wp-json\/wp\/v2\/media?parent=17"}],"curies":[{"name":"wp","href":"https:\/\/api.w.org\/{rel}","templated":true}]}}