{"id":11,"date":"2023-06-22T12:20:46","date_gmt":"2023-06-22T15:20:46","guid":{"rendered":"https:\/\/hhh.memo.museudapessoa.org\/escola-massanori-karazawa\/historias\/"},"modified":"2023-07-27T09:58:26","modified_gmt":"2023-07-27T12:58:26","slug":"historias","status":"publish","type":"page","link":"https:\/\/hhh.memo.museudapessoa.org\/escola-massanori-karazawa\/historias\/","title":{"rendered":"Hist\u00f3rias"},"content":{"rendered":"\n        <section class=\"conteudo\">\n          <div class=\"container\">\n            <div class=\"row\">\n              <div class=\"col-md-12 conteudo content margin- text-md-\">\n                \n<h2 id=\"acoes-realizadas\" class=\"wp-block-heading\">A\u00e7\u00f5es Realizadas<\/h2>\n\n              <\/div>\n            <\/div>\n          <\/div>\n        <\/section>\n\n\n        <section class=\"conteudo\">\n          <div class=\"container\">\n            <div class=\"row\">\n              <div class=\"col-md-12 conteudo content margin- text-md-\">\n                \n<p>C\u00edrculo de Hist\u00f3rias com Professores(as)<\/p>\n\n              <\/div>\n            <\/div>\n          <\/div>\n        <\/section>\n\n\n        <section class=\"conteudo\">\n          <div class=\"container\">\n            <div class=\"row\">\n              <div class=\"col-md-12 conteudo content margin- text-md-\">\n                \n<p>Roda de hist\u00f3rias sobre as mem\u00f3rias dos(as) professores(as) em rela\u00e7\u00e3o a sua viv\u00eancia na Escola Massanori Karazawa. A edi\u00e7\u00e3o do material dessa a\u00e7\u00e3o resultou em v\u00eddeo dispon\u00edvel em nosso canal no Youtube.<\/p>\n\n              <\/div>\n            <\/div>\n          <\/div>\n        <\/section>\n\n\n        <section class=\"conteudo\">\n          <div class=\"container\">\n            <div class=\"row\">\n              <div class=\"col-md-12 conteudo content margin- text-md-\">\n                \n<p>Memorial da Escola<\/p>\n\n              <\/div>\n            <\/div>\n          <\/div>\n        <\/section>\n\n\n        <section class=\"conteudo\">\n          <div class=\"container\">\n            <div class=\"row\">\n              <div class=\"col-md-12 conteudo content margin- text-md-\">\n                \n<p>Painel visual contendo informa\u00e7\u00f5es sobre a hist\u00f3ria de nossa Escola e sua rela\u00e7\u00e3o com o Bairro Col\u00f4nia Pinhal aonde estamos localizados.<\/p>\n\n              <\/div>\n            <\/div>\n          <\/div>\n        <\/section>\n\n\n        <section class=\"conteudo\">\n          <div class=\"container\">\n            <div class=\"row\">\n              <div class=\"col-md-12 conteudo content margin- text-md-\">\n                \n<p>V\u00eddeo Document\u00e1rio &#8220;Col\u00f4nia Fukui&#8221;<\/p>\n\n              <\/div>\n            <\/div>\n          <\/div>\n        <\/section>\n\n\n        <section class=\"conteudo\">\n          <div class=\"container\">\n            <div class=\"row\">\n              <div class=\"col-md-12 conteudo content margin- text-md-\">\n                \n<p>A partir de entrevistas com moradores antigos de nosso bairro e mais a capta\u00e7\u00e3o de imagens locais foi feita a edi\u00e7\u00e3o de um v\u00eddeo que conta a hist\u00f3ria do bairro aonde a Escola se localiza. O document\u00e1rio est\u00e1 dispon\u00edvel em nosso canal no Youtube.<\/p>\n\n              <\/div>\n            <\/div>\n          <\/div>\n        <\/section>\n\n\n        <section class=\"conteudo\">\n          <div class=\"container\">\n            <div class=\"row\">\n              <div class=\"col-md-12 conteudo content margin- text-md-\">\n                \n<p>Exposi\u00e7\u00e3o Fotogr\u00e1fica &#8220;Col\u00f4nia Fukui&#8221;<\/p>\n\n              <\/div>\n            <\/div>\n          <\/div>\n        <\/section>\n\n\n        <section class=\"conteudo\">\n          <div class=\"container\">\n            <div class=\"row\">\n              <div class=\"col-md-12 conteudo content margin- text-md-\">\n                \n<p>S\u00e3o 10 fotografias antigas de nosso bairro que \u00e9 uma col\u00f4nia de japoneses pertencente a cidade de S\u00e3o Miguel Arcanjo (SP). No ano de 2022 a Col\u00f4nia fez 60 anos de exist\u00eancia.<\/p>\n\n              <\/div>\n            <\/div>\n          <\/div>\n        <\/section>","protected":false},"excerpt":{"rendered":"<p>A\u00e7\u00f5es Realizadas C\u00edrculo de Hist\u00f3rias com Professores(as) Roda de hist\u00f3rias sobre as mem\u00f3rias dos(as) professores(as) em rela\u00e7\u00e3o a sua viv\u00eancia na Escola Massanori Karazawa. A edi\u00e7\u00e3o do material dessa a\u00e7\u00e3o resultou em v\u00eddeo dispon\u00edvel em nosso canal no Youtube. Memorial&#8230;<\/p>\n","protected":false},"author":1,"featured_media":0,"parent":0,"menu_order":0,"comment_status":"closed","ping_status":"closed","template":"","meta":{"_acf_changed":false,"footnotes":""},"class_list":["post-11","page","type-page","status-publish","hentry"],"acf":[],"yoast_head":"<!-- This site is optimized with the Yoast SEO plugin v23.3 - https:\/\/yoast.com\/wordpress\/plugins\/seo\/ -->\n<title>Hist\u00f3rias - Escola Massanori karazawa<\/title>\n<meta name=\"robots\" content=\"index, follow, max-snippet:-1, max-image-preview:large, max-video-preview:-1\" \/>\n<link rel=\"canonical\" href=\"https:\/\/hhh.memo.museudapessoa.org\/escola-massanori-karazawa\/historias\/\" \/>\n<meta property=\"og:locale\" content=\"pt_BR\" \/>\n<meta property=\"og:type\" content=\"article\" \/>\n<meta property=\"og:title\" content=\"Hist\u00f3rias - Escola Massanori karazawa\" \/>\n<meta property=\"og:description\" content=\"A\u00e7\u00f5es Realizadas C\u00edrculo de Hist\u00f3rias com Professores(as) Roda de hist\u00f3rias sobre as mem\u00f3rias dos(as) professores(as) em rela\u00e7\u00e3o a sua viv\u00eancia na Escola Massanori Karazawa. A edi\u00e7\u00e3o do material dessa a\u00e7\u00e3o resultou em v\u00eddeo dispon\u00edvel em nosso canal no Youtube. Memorial...\" \/>\n<meta property=\"og:url\" content=\"https:\/\/hhh.memo.museudapessoa.org\/escola-massanori-karazawa\/historias\/\" \/>\n<meta property=\"og:site_name\" content=\"Escola Massanori karazawa\" \/>\n<meta property=\"article:modified_time\" content=\"2023-07-27T12:58:26+00:00\" \/>\n<meta name=\"twitter:card\" content=\"summary_large_image\" \/>\n<meta name=\"twitter:label1\" content=\"Est. tempo de leitura\" \/>\n\t<meta name=\"twitter:data1\" content=\"1 minuto\" \/>\n<script type=\"application\/ld+json\" class=\"yoast-schema-graph\">{\"@context\":\"https:\/\/schema.org\",\"@graph\":[{\"@type\":\"WebPage\",\"@id\":\"https:\/\/hhh.memo.museudapessoa.org\/escola-massanori-karazawa\/historias\/\",\"url\":\"https:\/\/hhh.memo.museudapessoa.org\/escola-massanori-karazawa\/historias\/\",\"name\":\"Hist\u00f3rias - Escola Massanori karazawa\",\"isPartOf\":{\"@id\":\"https:\/\/hhh.memo.museudapessoa.org\/escola-massanori-karazawa\/#website\"},\"datePublished\":\"2023-06-22T15:20:46+00:00\",\"dateModified\":\"2023-07-27T12:58:26+00:00\",\"breadcrumb\":{\"@id\":\"https:\/\/hhh.memo.museudapessoa.org\/escola-massanori-karazawa\/historias\/#breadcrumb\"},\"inLanguage\":\"pt-BR\",\"potentialAction\":[{\"@type\":\"ReadAction\",\"target\":[\"https:\/\/hhh.memo.museudapessoa.org\/escola-massanori-karazawa\/historias\/\"]}]},{\"@type\":\"BreadcrumbList\",\"@id\":\"https:\/\/hhh.memo.museudapessoa.org\/escola-massanori-karazawa\/historias\/#breadcrumb\",\"itemListElement\":[{\"@type\":\"ListItem\",\"position\":1,\"name\":\"Home\",\"item\":\"https:\/\/hhh.memo.museudapessoa.org\/escola-massanori-karazawa\/\"},{\"@type\":\"ListItem\",\"position\":2,\"name\":\"Hist\u00f3rias\"}]},{\"@type\":\"WebSite\",\"@id\":\"https:\/\/hhh.memo.museudapessoa.org\/escola-massanori-karazawa\/#website\",\"url\":\"https:\/\/hhh.memo.museudapessoa.org\/escola-massanori-karazawa\/\",\"name\":\"Escola Massanori karazawa\",\"description\":\"\",\"potentialAction\":[{\"@type\":\"SearchAction\",\"target\":{\"@type\":\"EntryPoint\",\"urlTemplate\":\"https:\/\/hhh.memo.museudapessoa.org\/escola-massanori-karazawa\/?s={search_term_string}\"},\"query-input\":\"required name=search_term_string\"}],\"inLanguage\":\"pt-BR\"}]}<\/script>\n<!-- \/ Yoast SEO plugin. -->","yoast_head_json":{"title":"Hist\u00f3rias - Escola Massanori karazawa","robots":{"index":"index","follow":"follow","max-snippet":"max-snippet:-1","max-image-preview":"max-image-preview:large","max-video-preview":"max-video-preview:-1"},"canonical":"https:\/\/hhh.memo.museudapessoa.org\/escola-massanori-karazawa\/historias\/","og_locale":"pt_BR","og_type":"article","og_title":"Hist\u00f3rias - Escola Massanori karazawa","og_description":"A\u00e7\u00f5es Realizadas C\u00edrculo de Hist\u00f3rias com Professores(as) Roda de hist\u00f3rias sobre as mem\u00f3rias dos(as) professores(as) em rela\u00e7\u00e3o a sua viv\u00eancia na Escola Massanori Karazawa. A edi\u00e7\u00e3o do material dessa a\u00e7\u00e3o resultou em v\u00eddeo dispon\u00edvel em nosso canal no Youtube. Memorial...","og_url":"https:\/\/hhh.memo.museudapessoa.org\/escola-massanori-karazawa\/historias\/","og_site_name":"Escola Massanori karazawa","article_modified_time":"2023-07-27T12:58:26+00:00","twitter_card":"summary_large_image","twitter_misc":{"Est. tempo de leitura":"1 minuto"},"schema":{"@context":"https:\/\/schema.org","@graph":[{"@type":"WebPage","@id":"https:\/\/hhh.memo.museudapessoa.org\/escola-massanori-karazawa\/historias\/","url":"https:\/\/hhh.memo.museudapessoa.org\/escola-massanori-karazawa\/historias\/","name":"Hist\u00f3rias - Escola Massanori karazawa","isPartOf":{"@id":"https:\/\/hhh.memo.museudapessoa.org\/escola-massanori-karazawa\/#website"},"datePublished":"2023-06-22T15:20:46+00:00","dateModified":"2023-07-27T12:58:26+00:00","breadcrumb":{"@id":"https:\/\/hhh.memo.museudapessoa.org\/escola-massanori-karazawa\/historias\/#breadcrumb"},"inLanguage":"pt-BR","potentialAction":[{"@type":"ReadAction","target":["https:\/\/hhh.memo.museudapessoa.org\/escola-massanori-karazawa\/historias\/"]}]},{"@type":"BreadcrumbList","@id":"https:\/\/hhh.memo.museudapessoa.org\/escola-massanori-karazawa\/historias\/#breadcrumb","itemListElement":[{"@type":"ListItem","position":1,"name":"Home","item":"https:\/\/hhh.memo.museudapessoa.org\/escola-massanori-karazawa\/"},{"@type":"ListItem","position":2,"name":"Hist\u00f3rias"}]},{"@type":"WebSite","@id":"https:\/\/hhh.memo.museudapessoa.org\/escola-massanori-karazawa\/#website","url":"https:\/\/hhh.memo.museudapessoa.org\/escola-massanori-karazawa\/","name":"Escola Massanori karazawa","description":"","potentialAction":[{"@type":"SearchAction","target":{"@type":"EntryPoint","urlTemplate":"https:\/\/hhh.memo.museudapessoa.org\/escola-massanori-karazawa\/?s={search_term_string}"},"query-input":"required name=search_term_string"}],"inLanguage":"pt-BR"}]}},"_links":{"self":[{"href":"https:\/\/hhh.memo.museudapessoa.org\/escola-massanori-karazawa\/wp-json\/wp\/v2\/pages\/11"}],"collection":[{"href":"https:\/\/hhh.memo.museudapessoa.org\/escola-massanori-karazawa\/wp-json\/wp\/v2\/pages"}],"about":[{"href":"https:\/\/hhh.memo.museudapessoa.org\/escola-massanori-karazawa\/wp-json\/wp\/v2\/types\/page"}],"author":[{"embeddable":true,"href":"https:\/\/hhh.memo.museudapessoa.org\/escola-massanori-karazawa\/wp-json\/wp\/v2\/users\/1"}],"replies":[{"embeddable":true,"href":"https:\/\/hhh.memo.museudapessoa.org\/escola-massanori-karazawa\/wp-json\/wp\/v2\/comments?post=11"}],"version-history":[{"count":6,"href":"https:\/\/hhh.memo.museudapessoa.org\/escola-massanori-karazawa\/wp-json\/wp\/v2\/pages\/11\/revisions"}],"predecessor-version":[{"id":42,"href":"https:\/\/hhh.memo.museudapessoa.org\/escola-massanori-karazawa\/wp-json\/wp\/v2\/pages\/11\/revisions\/42"}],"wp:attachment":[{"href":"https:\/\/hhh.memo.museudapessoa.org\/escola-massanori-karazawa\/wp-json\/wp\/v2\/media?parent=11"}],"curies":[{"name":"wp","href":"https:\/\/api.w.org\/{rel}","templated":true}]}}