{"id":8,"date":"2023-06-14T13:14:36","date_gmt":"2023-06-14T16:14:36","guid":{"rendered":"https:\/\/hhh.memo.museudapessoa.org\/tecban\/sobre\/"},"modified":"2023-08-11T10:08:21","modified_gmt":"2023-08-11T13:08:21","slug":"sobre","status":"publish","type":"page","link":"https:\/\/hhh.memo.museudapessoa.org\/diversidade-mercado\/sobre\/","title":{"rendered":"Sobre"},"content":{"rendered":"\n\n\n\n\n        <section class=\"conteudo\">\n          <div class=\"container\">\n            <div class=\"row\">\n              <div class=\"col-md-12 conteudo content margin-center text-md-left\">\n                \n<h2 id=\"conheca-mais-sobre-a-nossa-historia\" class=\"wp-block-heading\">Conhe\u00e7a mais sobre a nossa hist\u00f3ria<\/h2>\n\n              <\/div>\n            <\/div>\n          <\/div>\n        <\/section>\n\n\n        <section class=\"conteudo\">\n          <div class=\"container\">\n            <div class=\"row\">\n              <div class=\"col-md-12 conteudo content margin-center text-md-left\">\n                \n<p>Lorem ipsum dolor sit amet, consectetur adipisicing elit, sed do eiusmod tempor incididunt ut labore et dolore magna aliqua. Ut enim ad minim veniam, quis nostrud exercitation ullamco laboris nisi ut aliquip ex ea commodo consequat. Duis aute irure dolor in reprehenderit in voluptate velit esse cillum dolore eu fugiat nulla pariatur. Excepteur sint occaecat cupidatat non proident, sunt in culpa qui officia deserunt mollit anim id est laborum.<\/p>\n\n              <\/div>\n            <\/div>\n          <\/div>\n        <\/section>\n\n\n        <section class=\"conteudo\">\n          <div class=\"container\">\n            <div class=\"row\">\n              <div class=\"col-md-12 conteudo content margin-center text-md-left\">\n                \n<h2 id=\"equipe\" class=\"wp-block-heading\">Equipe<\/h2>\n\n              <\/div>\n            <\/div>\n          <\/div>\n        <\/section>\n\n\n        <section class=\"conteudo\">\n          <div class=\"container\">\n            <div class=\"row\">\n              <div class=\"col-md-12 conteudo content margin-center text-md-left\">\n                \n<div class=\"wp-block-columns is-layout-flex wp-container-core-columns-is-layout-1 wp-block-columns-is-layout-flex\">\n<div class=\"wp-block-column is-layout-flow wp-block-column-is-layout-flow\">\n        <section class=\"conteudo\">\n          <div class=\"container\">\n            <div class=\"row\">\n              <div class=\"col-md-12 conteudo content margin-center text-md-left\">\n                \n<p><strong>Supervis\u00e3o editorial<\/strong><\/p>\n\n              <\/div>\n            <\/div>\n          <\/div>\n        <\/section>\n\n\n        <section class=\"conteudo\">\n          <div class=\"container\">\n            <div class=\"row\">\n              <div class=\"col-md-12 conteudo content margin-center text-md-left\">\n                \n<p>Integrante<\/p>\n\n              <\/div>\n            <\/div>\n          <\/div>\n        <\/section>\n\n\n        <section class=\"conteudo\">\n          <div class=\"container\">\n            <div class=\"row\">\n              <div class=\"col-md-12 conteudo content margin-center text-md-left\">\n                \n<p><strong>Coordena\u00e7\u00e3o de projeto<\/strong><\/p>\n\n              <\/div>\n            <\/div>\n          <\/div>\n        <\/section>\n\n\n        <section class=\"conteudo\">\n          <div class=\"container\">\n            <div class=\"row\">\n              <div class=\"col-md-12 conteudo content margin-center text-md-left\">\n                \n<p>Integrante<\/p>\n\n              <\/div>\n            <\/div>\n          <\/div>\n        <\/section>\n\n\n        <section class=\"conteudo\">\n          <div class=\"container\">\n            <div class=\"row\">\n              <div class=\"col-md-12 conteudo content margin-center text-md-left\">\n                \n<p><strong>Curadoria<\/strong><\/p>\n\n              <\/div>\n            <\/div>\n          <\/div>\n        <\/section>\n\n\n        <section class=\"conteudo\">\n          <div class=\"container\">\n            <div class=\"row\">\n              <div class=\"col-md-12 conteudo content margin-center text-md-left\">\n                \n<p>Integrante<br>Integrante<br>Integrante<\/p>\n\n              <\/div>\n            <\/div>\n          <\/div>\n        <\/section>\n\n\n        <section class=\"conteudo\">\n          <div class=\"container\">\n            <div class=\"row\">\n              <div class=\"col-md-12 conteudo content margin-center text-md-left\">\n                \n<p><strong>Capta\u00e7\u00e3o e edi\u00e7\u00e3o audiovisual<\/strong><\/p>\n\n              <\/div>\n            <\/div>\n          <\/div>\n        <\/section>\n\n\n        <section class=\"conteudo\">\n          <div class=\"container\">\n            <div class=\"row\">\n              <div class=\"col-md-12 conteudo content margin-center text-md-left\">\n                \n<p>Integrante<br>Integrante<br>Integrante<br>Integrante<\/p>\n\n              <\/div>\n            <\/div>\n          <\/div>\n        <\/section>\n\n\n        <section class=\"conteudo\">\n          <div class=\"container\">\n            <div class=\"row\">\n              <div class=\"col-md-12 conteudo content margin-center text-md-left\">\n                \n<p><strong>Desenvolvimento de tecnologia<\/strong><\/p>\n\n              <\/div>\n            <\/div>\n          <\/div>\n        <\/section>\n\n\n        <section class=\"conteudo\">\n          <div class=\"container\">\n            <div class=\"row\">\n              <div class=\"col-md-12 conteudo content margin-center text-md-left\">\n                \n<p>Integrante<br>Integrante<br>Integrante<\/p>\n\n              <\/div>\n            <\/div>\n          <\/div>\n        <\/section><\/div>\n\n\n\n<div class=\"wp-block-column is-layout-flow wp-block-column-is-layout-flow\">\n        <section class=\"conteudo\">\n          <div class=\"container\">\n            <div class=\"row\">\n              <div class=\"col-md-12 conteudo content margin-center text-md-left\">\n                \n<p><strong>Organiza\u00e7\u00e3o do acervo<\/strong><\/p>\n\n              <\/div>\n            <\/div>\n          <\/div>\n        <\/section>\n\n\n        <section class=\"conteudo\">\n          <div class=\"container\">\n            <div class=\"row\">\n              <div class=\"col-md-12 conteudo content margin-center text-md-left\">\n                \n<p>Integrante <br>Integrante <\/p>\n\n              <\/div>\n            <\/div>\n          <\/div>\n        <\/section>\n\n\n        <section class=\"conteudo\">\n          <div class=\"container\">\n            <div class=\"row\">\n              <div class=\"col-md-12 conteudo content margin-center text-md-left\">\n                \n<p><strong>Produ\u00e7\u00e3o<\/strong><\/p>\n\n              <\/div>\n            <\/div>\n          <\/div>\n        <\/section>\n\n\n        <section class=\"conteudo\">\n          <div class=\"container\">\n            <div class=\"row\">\n              <div class=\"col-md-12 conteudo content margin-center text-md-left\">\n                \n<p>Integrante<br>Integrante<\/p>\n\n              <\/div>\n            <\/div>\n          <\/div>\n        <\/section>\n\n\n        <section class=\"conteudo\">\n          <div class=\"container\">\n            <div class=\"row\">\n              <div class=\"col-md-12 conteudo content margin-center text-md-left\">\n                \n<p><strong>Roda de hist\u00f3rias<\/strong><\/p>\n\n              <\/div>\n            <\/div>\n          <\/div>\n        <\/section>\n\n\n        <section class=\"conteudo\">\n          <div class=\"container\">\n            <div class=\"row\">\n              <div class=\"col-md-12 conteudo content margin-center text-md-left\">\n                \n<p>Integrante<\/p>\n\n              <\/div>\n            <\/div>\n          <\/div>\n        <\/section>\n\n\n        <section class=\"conteudo\">\n          <div class=\"container\">\n            <div class=\"row\">\n              <div class=\"col-md-12 conteudo content margin-center text-md-left\">\n                \n<p><strong>Entrevistas<\/strong><\/p>\n\n              <\/div>\n            <\/div>\n          <\/div>\n        <\/section>\n\n\n        <section class=\"conteudo\">\n          <div class=\"container\">\n            <div class=\"row\">\n              <div class=\"col-md-12 conteudo content margin-center text-md-left\">\n                \n<p>Integrante<br>Integrante<\/p>\n\n              <\/div>\n            <\/div>\n          <\/div>\n        <\/section><\/div>\n<\/div>\n\n              <\/div>\n            <\/div>\n          <\/div>\n        <\/section>\n\n\n<section id=\"logos\" class='footer-logos margin-top-medium margin-bottom-medium padding-top-0 padding-bottom-0'>\n  <div class=\"container\">\n    <div class=\"row justify-content-center\">\n            <div class=\"col-auto mb-5\" style=\"max-width:50%\">\n          <div class=\"row\">\n                        <div class=\"col-12 text-center\">             \n                  <p><b>Realiza\u00e7\u00e3o<\/b><\/p>\n              <\/div>  \n               \n            <div class=\"col \">\n              <div class=\"row justify-content-center\">\n                                  <div class=\"col-auto align-self-center px-4 mb-4\">\n                                        <img decoding=\"async\" class=\"footer-logos__image lazyload\" data-src=\"https:\/\/hhh.memo.museudapessoa.org\/diversidade-mercado\/wp-content\/uploads\/sites\/21\/2023\/08\/mupe.png\" alt=\"Museu do Pessoa\" src=\"data:image\/gif;base64,R0lGODlhAQABAAAAACH5BAEKAAEALAAAAAABAAEAAAICTAEAOw==\" style=\"--smush-placeholder-width: 225px; --smush-placeholder-aspect-ratio: 225\/115;\"><noscript><img decoding=\"async\" class=\"footer-logos__image\" src=\"https:\/\/hhh.memo.museudapessoa.org\/diversidade-mercado\/wp-content\/uploads\/sites\/21\/2023\/08\/mupe.png\" alt=\"Museu do Pessoa\"><\/noscript>\n                                      <\/div>\n                                  <div class=\"col-auto align-self-center px-4 mb-4\">\n                                        <img decoding=\"async\" class=\"footer-logos__image lazyload\" data-src=\"https:\/\/hhh.memo.museudapessoa.org\/diversidade-mercado\/wp-content\/uploads\/sites\/21\/2023\/08\/Vale.png\" alt=\"Vale \" src=\"data:image\/gif;base64,R0lGODlhAQABAAAAACH5BAEKAAEALAAAAAABAAEAAAICTAEAOw==\" style=\"--smush-placeholder-width: 220px; --smush-placeholder-aspect-ratio: 220\/110;\"><noscript><img decoding=\"async\" class=\"footer-logos__image\" src=\"https:\/\/hhh.memo.museudapessoa.org\/diversidade-mercado\/wp-content\/uploads\/sites\/21\/2023\/08\/Vale.png\" alt=\"Vale \"><\/noscript>\n                                      <\/div>\n                                  <div class=\"col-auto align-self-center px-4 mb-4\">\n                                        <img decoding=\"async\" class=\"footer-logos__image lazyload\" data-src=\"https:\/\/hhh.memo.museudapessoa.org\/diversidade-mercado\/wp-content\/uploads\/sites\/21\/2023\/08\/bndes-logo-1024x217.png\" alt=\"BNDES\" src=\"data:image\/gif;base64,R0lGODlhAQABAAAAACH5BAEKAAEALAAAAAABAAEAAAICTAEAOw==\" style=\"--smush-placeholder-width: 1024px; --smush-placeholder-aspect-ratio: 1024\/217;\"><noscript><img decoding=\"async\" class=\"footer-logos__image\" src=\"https:\/\/hhh.memo.museudapessoa.org\/diversidade-mercado\/wp-content\/uploads\/sites\/21\/2023\/08\/bndes-logo-1024x217.png\" alt=\"BNDES\"><\/noscript>\n                                      <\/div>\n                              <\/div>\n            <\/div>\n          <\/div>\n        <\/div>\n              <div class=\"col-auto mb-5\" style=\"max-width:50%\">\n          <div class=\"row\">\n                        <div class=\"col-12 text-center\">             \n                  <p><b>Tecnologia<\/b><\/p>\n              <\/div>  \n               \n            <div class=\"col \">\n              <div class=\"row justify-content-center\">\n                                  <div class=\"col-auto align-self-center px-4 mb-4\">\n                                        <img decoding=\"async\" class=\"footer-logos__image lazyload\" data-src=\"https:\/\/hhh.memo.museudapessoa.org\/diversidade-mercado\/wp-content\/uploads\/sites\/21\/2023\/08\/memo.png\" alt=\"Mem\u00f4\" src=\"data:image\/gif;base64,R0lGODlhAQABAAAAACH5BAEKAAEALAAAAAABAAEAAAICTAEAOw==\" style=\"--smush-placeholder-width: 210px; --smush-placeholder-aspect-ratio: 210\/107;\"><noscript><img decoding=\"async\" class=\"footer-logos__image\" src=\"https:\/\/hhh.memo.museudapessoa.org\/diversidade-mercado\/wp-content\/uploads\/sites\/21\/2023\/08\/memo.png\" alt=\"Mem\u00f4\"><\/noscript>\n                                      <\/div>\n                              <\/div>\n            <\/div>\n          <\/div>\n        <\/div>\n            <\/div>\n    <\/div>\n  <\/div>\n<\/section>\n\n","protected":false},"excerpt":{"rendered":"<p>Conhe\u00e7a mais sobre a nossa hist\u00f3ria Lorem ipsum dolor sit amet, consectetur adipisicing elit, sed do eiusmod tempor incididunt ut labore et dolore magna aliqua. Ut enim ad minim veniam, quis nostrud exercitation ullamco laboris nisi ut aliquip ex ea&#8230;<\/p>\n","protected":false},"author":1,"featured_media":0,"parent":0,"menu_order":0,"comment_status":"closed","ping_status":"closed","template":"","meta":{"_acf_changed":false,"footnotes":""},"class_list":["post-8","page","type-page","status-publish","hentry"],"acf":[],"yoast_head":"<!-- This site is optimized with the Yoast SEO plugin v23.3 - https:\/\/yoast.com\/wordpress\/plugins\/seo\/ -->\n<title>Sobre - Os desafios da diversidade no mercado de trabalho<\/title>\n<meta name=\"robots\" content=\"index, follow, max-snippet:-1, max-image-preview:large, max-video-preview:-1\" \/>\n<link rel=\"canonical\" href=\"https:\/\/hhh.memo.museudapessoa.org\/diversidade-mercado\/sobre\/\" \/>\n<meta property=\"og:locale\" content=\"pt_BR\" \/>\n<meta property=\"og:type\" content=\"article\" \/>\n<meta property=\"og:title\" content=\"Sobre - Os desafios da diversidade no mercado de trabalho\" \/>\n<meta property=\"og:description\" content=\"Conhe\u00e7a mais sobre a nossa hist\u00f3ria Lorem ipsum dolor sit amet, consectetur adipisicing elit, sed do eiusmod tempor incididunt ut labore et dolore magna aliqua. Ut enim ad minim veniam, quis nostrud exercitation ullamco laboris nisi ut aliquip ex ea...\" \/>\n<meta property=\"og:url\" content=\"https:\/\/hhh.memo.museudapessoa.org\/diversidade-mercado\/sobre\/\" \/>\n<meta property=\"og:site_name\" content=\"Os desafios da diversidade no mercado de trabalho\" \/>\n<meta property=\"article:modified_time\" content=\"2023-08-11T13:08:21+00:00\" \/>\n<meta name=\"twitter:card\" content=\"summary_large_image\" \/>\n<meta name=\"twitter:label1\" content=\"Est. tempo de leitura\" \/>\n\t<meta name=\"twitter:data1\" content=\"1 minuto\" \/>\n<script type=\"application\/ld+json\" class=\"yoast-schema-graph\">{\"@context\":\"https:\/\/schema.org\",\"@graph\":[{\"@type\":\"WebPage\",\"@id\":\"https:\/\/hhh.memo.museudapessoa.org\/diversidade-mercado\/sobre\/\",\"url\":\"https:\/\/hhh.memo.museudapessoa.org\/diversidade-mercado\/sobre\/\",\"name\":\"Sobre - Os desafios da diversidade no mercado de trabalho\",\"isPartOf\":{\"@id\":\"https:\/\/hhh.memo.museudapessoa.org\/diversidade-mercado\/#website\"},\"datePublished\":\"2023-06-14T16:14:36+00:00\",\"dateModified\":\"2023-08-11T13:08:21+00:00\",\"breadcrumb\":{\"@id\":\"https:\/\/hhh.memo.museudapessoa.org\/diversidade-mercado\/sobre\/#breadcrumb\"},\"inLanguage\":\"pt-BR\",\"potentialAction\":[{\"@type\":\"ReadAction\",\"target\":[\"https:\/\/hhh.memo.museudapessoa.org\/diversidade-mercado\/sobre\/\"]}]},{\"@type\":\"BreadcrumbList\",\"@id\":\"https:\/\/hhh.memo.museudapessoa.org\/diversidade-mercado\/sobre\/#breadcrumb\",\"itemListElement\":[{\"@type\":\"ListItem\",\"position\":1,\"name\":\"Home\",\"item\":\"https:\/\/hhh.memo.museudapessoa.org\/diversidade-mercado\/\"},{\"@type\":\"ListItem\",\"position\":2,\"name\":\"Sobre\"}]},{\"@type\":\"WebSite\",\"@id\":\"https:\/\/hhh.memo.museudapessoa.org\/diversidade-mercado\/#website\",\"url\":\"https:\/\/hhh.memo.museudapessoa.org\/diversidade-mercado\/\",\"name\":\"Os desafios da diversidade no mercado de trabalho\",\"description\":\"\",\"potentialAction\":[{\"@type\":\"SearchAction\",\"target\":{\"@type\":\"EntryPoint\",\"urlTemplate\":\"https:\/\/hhh.memo.museudapessoa.org\/diversidade-mercado\/?s={search_term_string}\"},\"query-input\":\"required name=search_term_string\"}],\"inLanguage\":\"pt-BR\"}]}<\/script>\n<!-- \/ Yoast SEO plugin. -->","yoast_head_json":{"title":"Sobre - Os desafios da diversidade no mercado de trabalho","robots":{"index":"index","follow":"follow","max-snippet":"max-snippet:-1","max-image-preview":"max-image-preview:large","max-video-preview":"max-video-preview:-1"},"canonical":"https:\/\/hhh.memo.museudapessoa.org\/diversidade-mercado\/sobre\/","og_locale":"pt_BR","og_type":"article","og_title":"Sobre - Os desafios da diversidade no mercado de trabalho","og_description":"Conhe\u00e7a mais sobre a nossa hist\u00f3ria Lorem ipsum dolor sit amet, consectetur adipisicing elit, sed do eiusmod tempor incididunt ut labore et dolore magna aliqua. Ut enim ad minim veniam, quis nostrud exercitation ullamco laboris nisi ut aliquip ex ea...","og_url":"https:\/\/hhh.memo.museudapessoa.org\/diversidade-mercado\/sobre\/","og_site_name":"Os desafios da diversidade no mercado de trabalho","article_modified_time":"2023-08-11T13:08:21+00:00","twitter_card":"summary_large_image","twitter_misc":{"Est. tempo de leitura":"1 minuto"},"schema":{"@context":"https:\/\/schema.org","@graph":[{"@type":"WebPage","@id":"https:\/\/hhh.memo.museudapessoa.org\/diversidade-mercado\/sobre\/","url":"https:\/\/hhh.memo.museudapessoa.org\/diversidade-mercado\/sobre\/","name":"Sobre - Os desafios da diversidade no mercado de trabalho","isPartOf":{"@id":"https:\/\/hhh.memo.museudapessoa.org\/diversidade-mercado\/#website"},"datePublished":"2023-06-14T16:14:36+00:00","dateModified":"2023-08-11T13:08:21+00:00","breadcrumb":{"@id":"https:\/\/hhh.memo.museudapessoa.org\/diversidade-mercado\/sobre\/#breadcrumb"},"inLanguage":"pt-BR","potentialAction":[{"@type":"ReadAction","target":["https:\/\/hhh.memo.museudapessoa.org\/diversidade-mercado\/sobre\/"]}]},{"@type":"BreadcrumbList","@id":"https:\/\/hhh.memo.museudapessoa.org\/diversidade-mercado\/sobre\/#breadcrumb","itemListElement":[{"@type":"ListItem","position":1,"name":"Home","item":"https:\/\/hhh.memo.museudapessoa.org\/diversidade-mercado\/"},{"@type":"ListItem","position":2,"name":"Sobre"}]},{"@type":"WebSite","@id":"https:\/\/hhh.memo.museudapessoa.org\/diversidade-mercado\/#website","url":"https:\/\/hhh.memo.museudapessoa.org\/diversidade-mercado\/","name":"Os desafios da diversidade no mercado de trabalho","description":"","potentialAction":[{"@type":"SearchAction","target":{"@type":"EntryPoint","urlTemplate":"https:\/\/hhh.memo.museudapessoa.org\/diversidade-mercado\/?s={search_term_string}"},"query-input":"required name=search_term_string"}],"inLanguage":"pt-BR"}]}},"_links":{"self":[{"href":"https:\/\/hhh.memo.museudapessoa.org\/diversidade-mercado\/wp-json\/wp\/v2\/pages\/8"}],"collection":[{"href":"https:\/\/hhh.memo.museudapessoa.org\/diversidade-mercado\/wp-json\/wp\/v2\/pages"}],"about":[{"href":"https:\/\/hhh.memo.museudapessoa.org\/diversidade-mercado\/wp-json\/wp\/v2\/types\/page"}],"author":[{"embeddable":true,"href":"https:\/\/hhh.memo.museudapessoa.org\/diversidade-mercado\/wp-json\/wp\/v2\/users\/1"}],"replies":[{"embeddable":true,"href":"https:\/\/hhh.memo.museudapessoa.org\/diversidade-mercado\/wp-json\/wp\/v2\/comments?post=8"}],"version-history":[{"count":5,"href":"https:\/\/hhh.memo.museudapessoa.org\/diversidade-mercado\/wp-json\/wp\/v2\/pages\/8\/revisions"}],"predecessor-version":[{"id":91,"href":"https:\/\/hhh.memo.museudapessoa.org\/diversidade-mercado\/wp-json\/wp\/v2\/pages\/8\/revisions\/91"}],"wp:attachment":[{"href":"https:\/\/hhh.memo.museudapessoa.org\/diversidade-mercado\/wp-json\/wp\/v2\/media?parent=8"}],"curies":[{"name":"wp","href":"https:\/\/api.w.org\/{rel}","templated":true}]}}