{"id":8,"date":"2023-06-14T12:56:52","date_gmt":"2023-06-14T15:56:52","guid":{"rendered":"https:\/\/hhh.memo.museudapessoa.org\/biomas-que-transformam\/sobre\/"},"modified":"2024-01-24T15:57:29","modified_gmt":"2024-01-24T18:57:29","slug":"sobre","status":"publish","type":"page","link":"https:\/\/hhh.memo.museudapessoa.org\/biomas-que-transformam\/sobre\/","title":{"rendered":"Sobre"},"content":{"rendered":"\n\n<div id=\"destaque-topo\" class='carousel block-header-highlight wow fadeIn  block_8a284f9cb13c0d75e2610e34a90c2afc no-nav  margin-top-none margin-bottom-medium padding-top-none padding-bottom-none' style='background-color:rgba(255,255,255,0);' data-wow-delay=\"0.5s\" >\n<style>\n    .block_8a284f9cb13c0d75e2610e34a90c2afc h2,  .block_8a284f9cb13c0d75e2610e34a90c2afc h4, .block_8a284f9cb13c0d75e2610e34a90c2afc a, .block_8a284f9cb13c0d75e2610e34a90c2afc a h2, .block_8a284f9cb13c0d75e2610e34a90c2afc a p, .block_8a284f9cb13c0d75e2610e34a90c2afc p{\n      color: #FFF !important;\n  }\n    .block_8a284f9cb13c0d75e2610e34a90c2afc .carousel-nav__link.active:after{\n    background-color: #FFF !important;\n  }\n  .block_8a284f9cb13c0d75e2610e34a90c2afc .carousel-item__content .arrow svg rect{\n    fill: #FFF !important;\n  }\n<\/style>\n    <div class=\"carousel-item h-100 py-md-5 item-1  active\"\n  role=\"tabpanel\" aria-hidden=\"false\" tabindex=\"0\"\n  >\n      <div class=\"carousel-item__overlay\"\n                \n          style=\"background-color:rgba(0,0,0,0.36);\"\n                    ><\/div>\n                <div class=\"container h-100\">\n        <div class=\"row h-100\">\n          <div class=\"col-md-8 offset-md-2 text-center d-flex justify-content-center col-md-8 align-self-center\">\n            <div class=\"carousel-item__content\">\n                                                                      <h2 class='my-3 big'>Sobre<\/h2>\n                                              <\/div>\n          <\/div>\n        <\/div>\n      <\/div>  \n    <\/div>\n          <\/div>\n\n\n\n        <section class=\"conteudo\">\n          <div class=\"container\">\n            <div class=\"row\">\n              <div class=\"col-md-12 conteudo content margin- text-md-\">\n                \n<h2 id=\"parceria\" class=\"wp-block-heading\">Parceria<\/h2>\n\n              <\/div>\n            <\/div>\n          <\/div>\n        <\/section>\n\n\n        <section class=\"conteudo\">\n          <div class=\"container\">\n            <div class=\"row\">\n              <div class=\"col-md-12 conteudo content margin- text-md-\">\n                \n<p>O registro dessa cole\u00e7\u00e3o de hist\u00f3rias de vida foi viabilizado pela Lei Federal de Incentivo \u00e0 Cultura, no contexto do Plano Anual de Atividades do Museu da Pessoa (PRONAC 204741), por meio da Secretaria Especial da Cultura do Minist\u00e9rio do Turismo, com patroc\u00ednio do Mercado Livre e realiza\u00e7\u00e3o do Museu da Pessoa.<\/p>\n\n              <\/div>\n            <\/div>\n          <\/div>\n        <\/section>\n\n\n        <section class=\"conteudo\">\n          <div class=\"container\">\n            <div class=\"row\">\n              <div class=\"col-md-12 conteudo content margin- text-md-\">\n                \n<h2 id=\"ficha-tecnica\" class=\"wp-block-heading\">Ficha t\u00e9cnica<\/h2>\n\n              <\/div>\n            <\/div>\n          <\/div>\n        <\/section>\n\n\n        <section class=\"conteudo\">\n          <div class=\"container\">\n            <div class=\"row\">\n              <div class=\"col-md-12 conteudo content margin- text-md-\">\n                \n<div class=\"wp-block-columns is-layout-flex wp-container-core-columns-is-layout-1 wp-block-columns-is-layout-flex\">\n<div class=\"wp-block-column is-layout-flow wp-block-column-is-layout-flow\">\n        <section class=\"conteudo\">\n          <div class=\"container\">\n            <div class=\"row\">\n              <div class=\"col-md-12 conteudo content margin- text-md-\">\n                \n<p><strong>Curadoria<\/strong><\/p>\n\n              <\/div>\n            <\/div>\n          <\/div>\n        <\/section>\n\n\n        <section class=\"conteudo\">\n          <div class=\"container\">\n            <div class=\"row\">\n              <div class=\"col-md-12 conteudo content margin- text-md-\">\n                \n<p>Marcus Aurelius Pimenta<\/p>\n\n              <\/div>\n            <\/div>\n          <\/div>\n        <\/section>\n\n\n        <section class=\"conteudo\">\n          <div class=\"container\">\n            <div class=\"row\">\n              <div class=\"col-md-12 conteudo content margin- text-md-\">\n                \n<p><strong>Supervis\u00e3o editorial<\/strong><\/p>\n\n              <\/div>\n            <\/div>\n          <\/div>\n        <\/section>\n\n\n        <section class=\"conteudo\">\n          <div class=\"container\">\n            <div class=\"row\">\n              <div class=\"col-md-12 conteudo content margin- text-md-\">\n                \n<p>Lucas Torigoe<\/p>\n\n              <\/div>\n            <\/div>\n          <\/div>\n        <\/section>\n\n\n        <section class=\"conteudo\">\n          <div class=\"container\">\n            <div class=\"row\">\n              <div class=\"col-md-12 conteudo content margin- text-md-\">\n                \n<p><strong>Coordena\u00e7\u00e3o de projeto<\/strong><\/p>\n\n              <\/div>\n            <\/div>\n          <\/div>\n        <\/section>\n\n\n        <section class=\"conteudo\">\n          <div class=\"container\">\n            <div class=\"row\">\n              <div class=\"col-md-12 conteudo content margin- text-md-\">\n                \n<p>Renato Herzog<\/p>\n\n              <\/div>\n            <\/div>\n          <\/div>\n        <\/section>\n\n\n        <section class=\"conteudo\">\n          <div class=\"container\">\n            <div class=\"row\">\n              <div class=\"col-md-12 conteudo content margin- text-md-\">\n                \n<p><strong>Capta\u00e7\u00e3o e edi\u00e7\u00e3o audiovisual<\/strong><\/p>\n\n              <\/div>\n            <\/div>\n          <\/div>\n        <\/section>\n\n\n        <section class=\"conteudo\">\n          <div class=\"container\">\n            <div class=\"row\">\n              <div class=\"col-md-12 conteudo content margin- text-md-\">\n                \n<p>Alisson da Paz<\/p>\n\n              <\/div>\n            <\/div>\n          <\/div>\n        <\/section>\n\n\n        <section class=\"conteudo\">\n          <div class=\"container\">\n            <div class=\"row\">\n              <div class=\"col-md-12 conteudo content margin- text-md-\">\n                \n<p>Luciele Oliveira<\/p>\n\n              <\/div>\n            <\/div>\n          <\/div>\n        <\/section><\/div>\n\n\n\n<div class=\"wp-block-column is-layout-flow wp-block-column-is-layout-flow\">\n        <section class=\"conteudo\">\n          <div class=\"container\">\n            <div class=\"row\">\n              <div class=\"col-md-12 conteudo content margin- text-md-\">\n                \n<p><strong>Pesquisa e entrevistas<\/strong><\/p>\n\n              <\/div>\n            <\/div>\n          <\/div>\n        <\/section>\n\n\n        <section class=\"conteudo\">\n          <div class=\"container\">\n            <div class=\"row\">\n              <div class=\"col-md-12 conteudo content margin- text-md-\">\n                \n<p>Grazielle Pellicel<\/p>\n\n              <\/div>\n            <\/div>\n          <\/div>\n        <\/section>\n\n\n        <section class=\"conteudo\">\n          <div class=\"container\">\n            <div class=\"row\">\n              <div class=\"col-md-12 conteudo content margin- text-md-\">\n                \n<p><strong>Desenvolvimento de tecnologia<\/strong><\/p>\n\n              <\/div>\n            <\/div>\n          <\/div>\n        <\/section>\n\n\n        <section class=\"conteudo\">\n          <div class=\"container\">\n            <div class=\"row\">\n              <div class=\"col-md-12 conteudo content margin- text-md-\">\n                \n<p>Odilon Gon\u00e7alves<\/p>\n\n              <\/div>\n            <\/div>\n          <\/div>\n        <\/section>\n\n\n        <section class=\"conteudo\">\n          <div class=\"container\">\n            <div class=\"row\">\n              <div class=\"col-md-12 conteudo content margin- text-md-\">\n                \n<p>Thiago Magalh\u00e3es<\/p>\n\n              <\/div>\n            <\/div>\n          <\/div>\n        <\/section>\n\n\n        <section class=\"conteudo\">\n          <div class=\"container\">\n            <div class=\"row\">\n              <div class=\"col-md-12 conteudo content margin- text-md-\">\n                \n<p>Leandro Almeida<\/p>\n\n              <\/div>\n            <\/div>\n          <\/div>\n        <\/section>\n\n\n        <section class=\"conteudo\">\n          <div class=\"container\">\n            <div class=\"row\">\n              <div class=\"col-md-12 conteudo content margin- text-md-\">\n                \n<p><strong>Produ\u00e7\u00e3o<\/strong><\/p>\n\n              <\/div>\n            <\/div>\n          <\/div>\n        <\/section>\n\n\n        <section class=\"conteudo\">\n          <div class=\"container\">\n            <div class=\"row\">\n              <div class=\"col-md-12 conteudo content margin- text-md-\">\n                \n<p>Ane Alves<\/p>\n\n              <\/div>\n            <\/div>\n          <\/div>\n        <\/section>\n\n\n        <section class=\"conteudo\">\n          <div class=\"container\">\n            <div class=\"row\">\n              <div class=\"col-md-12 conteudo content margin- text-md-\">\n                \n<p>Wini Sabino<\/p>\n\n              <\/div>\n            <\/div>\n          <\/div>\n        <\/section>\n\n\n        <section class=\"conteudo\">\n          <div class=\"container\">\n            <div class=\"row\">\n              <div class=\"col-md-12 conteudo content margin- text-md-\">\n                \n<p><\/p>\n\n              <\/div>\n            <\/div>\n          <\/div>\n        <\/section><\/div>\n<\/div>\n\n              <\/div>\n            <\/div>\n          <\/div>\n        <\/section>\n\n\n<section id=\"logos\" class='footer-logos margin-top-medium margin-bottom-medium padding-top-0 padding-bottom-0'>\n  <div class=\"container\">\n    <div class=\"row justify-content-center\">\n            <div class=\"col-auto mb-5\" style=\"max-width:50%\">\n          <div class=\"row\">\n                        <div class=\"col-12 text-center\">             \n                  <p><b>Patroc\u00ednio<\/b><\/p>\n              <\/div>  \n               \n            <div class=\"col \">\n              <div class=\"row justify-content-center\">\n                                  <div class=\"col-auto align-self-center px-4 mb-4\">\n                                        <img decoding=\"async\" class=\"footer-logos__image lazyload\" data-src=\"https:\/\/hhh.memo.museudapessoa.org\/biomas-que-transformam\/wp-content\/uploads\/sites\/20\/2023\/08\/logo-memo-01-lei.png\" alt=\"Lei de Incentivo \u00e0 Cultura\" src=\"data:image\/gif;base64,R0lGODlhAQABAAAAACH5BAEKAAEALAAAAAABAAEAAAICTAEAOw==\" style=\"--smush-placeholder-width: 200px; --smush-placeholder-aspect-ratio: 200\/200;\"><noscript><img decoding=\"async\" class=\"footer-logos__image\" src=\"https:\/\/hhh.memo.museudapessoa.org\/biomas-que-transformam\/wp-content\/uploads\/sites\/20\/2023\/08\/logo-memo-01-lei.png\" alt=\"Lei de Incentivo \u00e0 Cultura\"><\/noscript>\n                                      <\/div>\n                                  <div class=\"col-auto align-self-center px-4 mb-4\">\n                                        <img decoding=\"async\" class=\"footer-logos__image lazyload\" data-src=\"https:\/\/hhh.memo.museudapessoa.org\/biomas-que-transformam\/wp-content\/uploads\/sites\/20\/2023\/08\/logo-memo-02-meli.png\" alt=\"Mercado Livre\" src=\"data:image\/gif;base64,R0lGODlhAQABAAAAACH5BAEKAAEALAAAAAABAAEAAAICTAEAOw==\" style=\"--smush-placeholder-width: 200px; --smush-placeholder-aspect-ratio: 200\/200;\"><noscript><img decoding=\"async\" class=\"footer-logos__image\" src=\"https:\/\/hhh.memo.museudapessoa.org\/biomas-que-transformam\/wp-content\/uploads\/sites\/20\/2023\/08\/logo-memo-02-meli.png\" alt=\"Mercado Livre\"><\/noscript>\n                                      <\/div>\n                              <\/div>\n            <\/div>\n          <\/div>\n        <\/div>\n              <div class=\"col-auto mb-5\" style=\"max-width:50%\">\n          <div class=\"row\">\n                        <div class=\"col-12 text-center\">             \n                  <p><b>Realiza\u00e7\u00e3o<\/b><\/p>\n              <\/div>  \n               \n            <div class=\"col \">\n              <div class=\"row justify-content-center\">\n                                  <div class=\"col-auto align-self-center px-4 mb-4\">\n                                        <img decoding=\"async\" class=\"footer-logos__image lazyload\" data-src=\"https:\/\/hhh.memo.museudapessoa.org\/biomas-que-transformam\/wp-content\/uploads\/sites\/20\/2023\/08\/logo-memo-03-museu.png\" alt=\"Museu da Pessoa\" src=\"data:image\/gif;base64,R0lGODlhAQABAAAAACH5BAEKAAEALAAAAAABAAEAAAICTAEAOw==\" style=\"--smush-placeholder-width: 200px; --smush-placeholder-aspect-ratio: 200\/200;\"><noscript><img decoding=\"async\" class=\"footer-logos__image\" src=\"https:\/\/hhh.memo.museudapessoa.org\/biomas-que-transformam\/wp-content\/uploads\/sites\/20\/2023\/08\/logo-memo-03-museu.png\" alt=\"Museu da Pessoa\"><\/noscript>\n                                      <\/div>\n                                  <div class=\"col-auto align-self-center px-4 mb-4\">\n                                        <img decoding=\"async\" class=\"footer-logos__image lazyload\" data-src=\"https:\/\/hhh.memo.museudapessoa.org\/biomas-que-transformam\/wp-content\/uploads\/sites\/20\/2023\/08\/logo-memo-04-gov.png\" alt=\"MINC\" src=\"data:image\/gif;base64,R0lGODlhAQABAAAAACH5BAEKAAEALAAAAAABAAEAAAICTAEAOw==\" style=\"--smush-placeholder-width: 200px; --smush-placeholder-aspect-ratio: 200\/200;\"><noscript><img decoding=\"async\" class=\"footer-logos__image\" src=\"https:\/\/hhh.memo.museudapessoa.org\/biomas-que-transformam\/wp-content\/uploads\/sites\/20\/2023\/08\/logo-memo-04-gov.png\" alt=\"MINC\"><\/noscript>\n                                      <\/div>\n                              <\/div>\n            <\/div>\n          <\/div>\n        <\/div>\n            <\/div>\n    <\/div>\n  <\/div>\n<\/section>\n\n","protected":false},"excerpt":{"rendered":"<p>Parceria O registro dessa cole\u00e7\u00e3o de hist\u00f3rias de vida foi viabilizado pela Lei Federal de Incentivo \u00e0 Cultura, no contexto do Plano Anual de Atividades do Museu da Pessoa (PRONAC 204741), por meio da Secretaria Especial da Cultura do Minist\u00e9rio&#8230;<\/p>\n","protected":false},"author":1,"featured_media":0,"parent":0,"menu_order":0,"comment_status":"closed","ping_status":"closed","template":"","meta":{"_acf_changed":false,"footnotes":""},"class_list":["post-8","page","type-page","status-publish","hentry"],"acf":[],"yoast_head":"<!-- This site is optimized with the Yoast SEO plugin v23.3 - https:\/\/yoast.com\/wordpress\/plugins\/seo\/ -->\n<title>Sobre - Biomas que Transformam<\/title>\n<meta name=\"robots\" content=\"index, follow, max-snippet:-1, max-image-preview:large, max-video-preview:-1\" \/>\n<link rel=\"canonical\" href=\"https:\/\/hhh.memo.museudapessoa.org\/biomas-que-transformam\/sobre\/\" \/>\n<meta property=\"og:locale\" content=\"pt_BR\" \/>\n<meta property=\"og:type\" content=\"article\" \/>\n<meta property=\"og:title\" content=\"Sobre - Biomas que Transformam\" \/>\n<meta property=\"og:description\" content=\"Parceria O registro dessa cole\u00e7\u00e3o de hist\u00f3rias de vida foi viabilizado pela Lei Federal de Incentivo \u00e0 Cultura, no contexto do Plano Anual de Atividades do Museu da Pessoa (PRONAC 204741), por meio da Secretaria Especial da Cultura do Minist\u00e9rio...\" \/>\n<meta property=\"og:url\" content=\"https:\/\/hhh.memo.museudapessoa.org\/biomas-que-transformam\/sobre\/\" \/>\n<meta property=\"og:site_name\" content=\"Biomas que Transformam\" \/>\n<meta property=\"article:modified_time\" content=\"2024-01-24T18:57:29+00:00\" \/>\n<meta name=\"twitter:card\" content=\"summary_large_image\" \/>\n<meta name=\"twitter:label1\" content=\"Est. tempo de leitura\" \/>\n\t<meta name=\"twitter:data1\" content=\"1 minuto\" \/>\n<script type=\"application\/ld+json\" class=\"yoast-schema-graph\">{\"@context\":\"https:\/\/schema.org\",\"@graph\":[{\"@type\":\"WebPage\",\"@id\":\"https:\/\/hhh.memo.museudapessoa.org\/biomas-que-transformam\/sobre\/\",\"url\":\"https:\/\/hhh.memo.museudapessoa.org\/biomas-que-transformam\/sobre\/\",\"name\":\"Sobre - Biomas que Transformam\",\"isPartOf\":{\"@id\":\"https:\/\/hhh.memo.museudapessoa.org\/biomas-que-transformam\/#website\"},\"datePublished\":\"2023-06-14T15:56:52+00:00\",\"dateModified\":\"2024-01-24T18:57:29+00:00\",\"breadcrumb\":{\"@id\":\"https:\/\/hhh.memo.museudapessoa.org\/biomas-que-transformam\/sobre\/#breadcrumb\"},\"inLanguage\":\"pt-BR\",\"potentialAction\":[{\"@type\":\"ReadAction\",\"target\":[\"https:\/\/hhh.memo.museudapessoa.org\/biomas-que-transformam\/sobre\/\"]}]},{\"@type\":\"BreadcrumbList\",\"@id\":\"https:\/\/hhh.memo.museudapessoa.org\/biomas-que-transformam\/sobre\/#breadcrumb\",\"itemListElement\":[{\"@type\":\"ListItem\",\"position\":1,\"name\":\"Home\",\"item\":\"https:\/\/hhh.memo.museudapessoa.org\/biomas-que-transformam\/\"},{\"@type\":\"ListItem\",\"position\":2,\"name\":\"Sobre\"}]},{\"@type\":\"WebSite\",\"@id\":\"https:\/\/hhh.memo.museudapessoa.org\/biomas-que-transformam\/#website\",\"url\":\"https:\/\/hhh.memo.museudapessoa.org\/biomas-que-transformam\/\",\"name\":\"Biomas que Transformam\",\"description\":\"\",\"potentialAction\":[{\"@type\":\"SearchAction\",\"target\":{\"@type\":\"EntryPoint\",\"urlTemplate\":\"https:\/\/hhh.memo.museudapessoa.org\/biomas-que-transformam\/?s={search_term_string}\"},\"query-input\":\"required name=search_term_string\"}],\"inLanguage\":\"pt-BR\"}]}<\/script>\n<!-- \/ Yoast SEO plugin. -->","yoast_head_json":{"title":"Sobre - Biomas que Transformam","robots":{"index":"index","follow":"follow","max-snippet":"max-snippet:-1","max-image-preview":"max-image-preview:large","max-video-preview":"max-video-preview:-1"},"canonical":"https:\/\/hhh.memo.museudapessoa.org\/biomas-que-transformam\/sobre\/","og_locale":"pt_BR","og_type":"article","og_title":"Sobre - Biomas que Transformam","og_description":"Parceria O registro dessa cole\u00e7\u00e3o de hist\u00f3rias de vida foi viabilizado pela Lei Federal de Incentivo \u00e0 Cultura, no contexto do Plano Anual de Atividades do Museu da Pessoa (PRONAC 204741), por meio da Secretaria Especial da Cultura do Minist\u00e9rio...","og_url":"https:\/\/hhh.memo.museudapessoa.org\/biomas-que-transformam\/sobre\/","og_site_name":"Biomas que Transformam","article_modified_time":"2024-01-24T18:57:29+00:00","twitter_card":"summary_large_image","twitter_misc":{"Est. tempo de leitura":"1 minuto"},"schema":{"@context":"https:\/\/schema.org","@graph":[{"@type":"WebPage","@id":"https:\/\/hhh.memo.museudapessoa.org\/biomas-que-transformam\/sobre\/","url":"https:\/\/hhh.memo.museudapessoa.org\/biomas-que-transformam\/sobre\/","name":"Sobre - Biomas que Transformam","isPartOf":{"@id":"https:\/\/hhh.memo.museudapessoa.org\/biomas-que-transformam\/#website"},"datePublished":"2023-06-14T15:56:52+00:00","dateModified":"2024-01-24T18:57:29+00:00","breadcrumb":{"@id":"https:\/\/hhh.memo.museudapessoa.org\/biomas-que-transformam\/sobre\/#breadcrumb"},"inLanguage":"pt-BR","potentialAction":[{"@type":"ReadAction","target":["https:\/\/hhh.memo.museudapessoa.org\/biomas-que-transformam\/sobre\/"]}]},{"@type":"BreadcrumbList","@id":"https:\/\/hhh.memo.museudapessoa.org\/biomas-que-transformam\/sobre\/#breadcrumb","itemListElement":[{"@type":"ListItem","position":1,"name":"Home","item":"https:\/\/hhh.memo.museudapessoa.org\/biomas-que-transformam\/"},{"@type":"ListItem","position":2,"name":"Sobre"}]},{"@type":"WebSite","@id":"https:\/\/hhh.memo.museudapessoa.org\/biomas-que-transformam\/#website","url":"https:\/\/hhh.memo.museudapessoa.org\/biomas-que-transformam\/","name":"Biomas que Transformam","description":"","potentialAction":[{"@type":"SearchAction","target":{"@type":"EntryPoint","urlTemplate":"https:\/\/hhh.memo.museudapessoa.org\/biomas-que-transformam\/?s={search_term_string}"},"query-input":"required name=search_term_string"}],"inLanguage":"pt-BR"}]}},"_links":{"self":[{"href":"https:\/\/hhh.memo.museudapessoa.org\/biomas-que-transformam\/wp-json\/wp\/v2\/pages\/8"}],"collection":[{"href":"https:\/\/hhh.memo.museudapessoa.org\/biomas-que-transformam\/wp-json\/wp\/v2\/pages"}],"about":[{"href":"https:\/\/hhh.memo.museudapessoa.org\/biomas-que-transformam\/wp-json\/wp\/v2\/types\/page"}],"author":[{"embeddable":true,"href":"https:\/\/hhh.memo.museudapessoa.org\/biomas-que-transformam\/wp-json\/wp\/v2\/users\/1"}],"replies":[{"embeddable":true,"href":"https:\/\/hhh.memo.museudapessoa.org\/biomas-que-transformam\/wp-json\/wp\/v2\/comments?post=8"}],"version-history":[{"count":27,"href":"https:\/\/hhh.memo.museudapessoa.org\/biomas-que-transformam\/wp-json\/wp\/v2\/pages\/8\/revisions"}],"predecessor-version":[{"id":180,"href":"https:\/\/hhh.memo.museudapessoa.org\/biomas-que-transformam\/wp-json\/wp\/v2\/pages\/8\/revisions\/180"}],"wp:attachment":[{"href":"https:\/\/hhh.memo.museudapessoa.org\/biomas-que-transformam\/wp-json\/wp\/v2\/media?parent=8"}],"curies":[{"name":"wp","href":"https:\/\/api.w.org\/{rel}","templated":true}]}}