{"id":5,"date":"2023-06-14T12:56:52","date_gmt":"2023-06-14T15:56:52","guid":{"rendered":"https:\/\/hhh.memo.museudapessoa.org\/biomas-que-transformam\/midias\/"},"modified":"2023-06-14T12:56:52","modified_gmt":"2023-06-14T15:56:52","slug":"midias","status":"publish","type":"page","link":"https:\/\/hhh.memo.museudapessoa.org\/biomas-que-transformam\/midias\/","title":{"rendered":"M\u00eddias"},"content":{"rendered":"<section id=\"galeria-de-midia\" class=' margin-top-0 margin-bottom-large padding-top-0 padding-bottom-0'>\n  <div class=\"container\">\n    <div class=\"row\">\n              <div class=\"col-md-12\">\n          <h2>Galeria de m\u00eddia<\/h2>\n                  <\/div>\n          <\/div>\n    <div class=\"row\">\n      <div class=\"col-12\">\n      <div class=\"home-gallery \">\n                       <a data-bs-toggle=\"modal\" data-index=\"0\" href=\"#midia-1\" data-bs-target=\"#gallery-details-galeria-de-midia\"  class=\"gallery-item home-gallery__item  \">\n                  <img decoding=\"async\" data-src=\"https:\/\/pga.museudapessoa.org\/_lib\/file\/img\/trama-do-destino.jpg\" alt=\"Not\u00edcia de jornal\" src=\"data:image\/gif;base64,R0lGODlhAQABAAAAACH5BAEKAAEALAAAAAABAAEAAAICTAEAOw==\" class=\"lazyload\"><noscript><img decoding=\"async\" data-src=\"https:\/\/pga.museudapessoa.org\/_lib\/file\/img\/trama-do-destino.jpg\" alt=\"Not\u00edcia de jornal\" src=\"data:image\/gif;base64,R0lGODlhAQABAAAAACH5BAEKAAEALAAAAAABAAEAAAICTAEAOw==\" class=\"lazyload\"><noscript><img decoding=\"async\" src=\"https:\/\/pga.museudapessoa.org\/_lib\/file\/img\/trama-do-destino.jpg\" alt=\"Not\u00edcia de jornal\"><\/noscript><\/noscript>       \n              <\/a>\n                          <a data-bs-toggle=\"modal\" data-index=\"1\" href=\"#midia-2\" data-bs-target=\"#gallery-details-galeria-de-midia\"  class=\"gallery-item home-gallery__item  \">\n                  <img decoding=\"async\" data-src=\"https:\/\/pga.museudapessoa.org\/_lib\/file\/img\/som-que-ilumina.jpeg\" alt=\"P\u00f4r do sol\" src=\"data:image\/gif;base64,R0lGODlhAQABAAAAACH5BAEKAAEALAAAAAABAAEAAAICTAEAOw==\" class=\"lazyload\"><noscript><img decoding=\"async\" data-src=\"https:\/\/pga.museudapessoa.org\/_lib\/file\/img\/som-que-ilumina.jpeg\" alt=\"P\u00f4r do sol\" src=\"data:image\/gif;base64,R0lGODlhAQABAAAAACH5BAEKAAEALAAAAAABAAEAAAICTAEAOw==\" class=\"lazyload\"><noscript><img decoding=\"async\" src=\"https:\/\/pga.museudapessoa.org\/_lib\/file\/img\/som-que-ilumina.jpeg\" alt=\"P\u00f4r do sol\"><\/noscript><\/noscript>       \n              <\/a>\n                          <a data-bs-toggle=\"modal\" data-index=\"2\" href=\"#midia-3\" data-bs-target=\"#gallery-details-galeria-de-midia\"  class=\"gallery-item home-gallery__item  \">\n                  <img decoding=\"async\" data-src=\"https:\/\/pga.museudapessoa.org\/_lib\/file\/img\/licoes-de-recomeco.jpg\" alt=\"Inf\u00e2ncia\" src=\"data:image\/gif;base64,R0lGODlhAQABAAAAACH5BAEKAAEALAAAAAABAAEAAAICTAEAOw==\" class=\"lazyload\"><noscript><img decoding=\"async\" data-src=\"https:\/\/pga.museudapessoa.org\/_lib\/file\/img\/licoes-de-recomeco.jpg\" alt=\"Inf\u00e2ncia\" src=\"data:image\/gif;base64,R0lGODlhAQABAAAAACH5BAEKAAEALAAAAAABAAEAAAICTAEAOw==\" class=\"lazyload\"><noscript><img decoding=\"async\" src=\"https:\/\/pga.museudapessoa.org\/_lib\/file\/img\/licoes-de-recomeco.jpg\" alt=\"Inf\u00e2ncia\"><\/noscript><\/noscript>       \n              <\/a>\n                          <a data-bs-toggle=\"modal\" data-index=\"3\" href=\"#midia-4\" data-bs-target=\"#gallery-details-galeria-de-midia\"  class=\"gallery-item home-gallery__item  \">\n                  <img decoding=\"async\" src=\"https:\/\/pga.museudapessoa.org\/_lib\/file\/img\/PCSH_HV1206_FT005(1).jpg\" alt=\"Natureza\">       \n              <\/a>\n                    <\/div>\n      <\/div>\n    <\/div>\n      <\/div>\n<\/section>\n\n<div id=\"gallery-details-galeria-de-midia\" class=\"modal gallery-details\" tabindex=\"-1\">\n    <button class=\"gallery-details__close\" data-bs-dismiss=\"modal\">Fechar<\/button>\n  <div class=\"modal-dialog\">\n    <div class=\"modal-content\">\n      <div class=\"gallery-details__carousel owl-theme owl-carousel\">\n                <div id=\"midia-1\" class=\"gallery-details__item\">\n              <div class=\"container-fluid\">\n                <div class=\"row\">\n                  <div class=\"col-12 mb-5 px-0 text-center gallery-details__image\">\n                                              <img decoding=\"async\" data-src=\"https:\/\/pga.museudapessoa.org\/_lib\/file\/img\/trama-do-destino.jpg\" alt=\"Not\u00edcia de jornal\" src=\"data:image\/gif;base64,R0lGODlhAQABAAAAACH5BAEKAAEALAAAAAABAAEAAAICTAEAOw==\" class=\"lazyload\"><noscript><img decoding=\"async\" data-src=\"https:\/\/pga.museudapessoa.org\/_lib\/file\/img\/trama-do-destino.jpg\" alt=\"Not\u00edcia de jornal\" src=\"data:image\/gif;base64,R0lGODlhAQABAAAAACH5BAEKAAEALAAAAAABAAEAAAICTAEAOw==\" class=\"lazyload\"><noscript><img decoding=\"async\" src=\"https:\/\/pga.museudapessoa.org\/_lib\/file\/img\/trama-do-destino.jpg\" alt=\"Not\u00edcia de jornal\"><\/noscript><\/noscript>\n                                        <\/div>\n                <\/div>\n              <\/div>\n              <div class=\"container\">\n                <div class=\"row\">\n                  <div class=\"col-md-8 offset-md-2\">\n                    <small class=\"d-inline-block mb-3\">1 de 4<\/small> \n                        <h3 class=\"mb-3\">Not\u00edcia de jornal<\/h3>\n                      <p><\/p>\n                                            <p><b>Hist\u00f3ria: <\/b> <a href=\"https:\/\/hhh.memo.museudapessoa.org\/biomas-que-transformam\/historia-detalhe\/44975\">O v\u00ednculo do alimento<\/a><\/p>\n                                        <\/div>\n                <\/div>\n              <\/div>\n          <\/div> \n                  <div id=\"midia-2\" class=\"gallery-details__item\">\n              <div class=\"container-fluid\">\n                <div class=\"row\">\n                  <div class=\"col-12 mb-5 px-0 text-center gallery-details__image\">\n                                              <img decoding=\"async\" data-src=\"https:\/\/pga.museudapessoa.org\/_lib\/file\/img\/som-que-ilumina.jpeg\" alt=\"P\u00f4r do sol\" src=\"data:image\/gif;base64,R0lGODlhAQABAAAAACH5BAEKAAEALAAAAAABAAEAAAICTAEAOw==\" class=\"lazyload\"><noscript><img decoding=\"async\" data-src=\"https:\/\/pga.museudapessoa.org\/_lib\/file\/img\/som-que-ilumina.jpeg\" alt=\"P\u00f4r do sol\" src=\"data:image\/gif;base64,R0lGODlhAQABAAAAACH5BAEKAAEALAAAAAABAAEAAAICTAEAOw==\" class=\"lazyload\"><noscript><img decoding=\"async\" src=\"https:\/\/pga.museudapessoa.org\/_lib\/file\/img\/som-que-ilumina.jpeg\" alt=\"P\u00f4r do sol\"><\/noscript><\/noscript>\n                                        <\/div>\n                <\/div>\n              <\/div>\n              <div class=\"container\">\n                <div class=\"row\">\n                  <div class=\"col-md-8 offset-md-2\">\n                    <small class=\"d-inline-block mb-3\">2 de 4<\/small> \n                        <h3 class=\"mb-3\">P\u00f4r do sol<\/h3>\n                      <p><\/p>\n                                            <p><b>Hist\u00f3ria: <\/b> <a href=\"https:\/\/hhh.memo.museudapessoa.org\/biomas-que-transformam\/historia-detalhe\/44975\">O v\u00ednculo do alimento<\/a><\/p>\n                                        <\/div>\n                <\/div>\n              <\/div>\n          <\/div> \n                  <div id=\"midia-3\" class=\"gallery-details__item\">\n              <div class=\"container-fluid\">\n                <div class=\"row\">\n                  <div class=\"col-12 mb-5 px-0 text-center gallery-details__image\">\n                                              <img decoding=\"async\" data-src=\"https:\/\/pga.museudapessoa.org\/_lib\/file\/img\/licoes-de-recomeco.jpg\" alt=\"Inf\u00e2ncia\" src=\"data:image\/gif;base64,R0lGODlhAQABAAAAACH5BAEKAAEALAAAAAABAAEAAAICTAEAOw==\" class=\"lazyload\"><noscript><img decoding=\"async\" data-src=\"https:\/\/pga.museudapessoa.org\/_lib\/file\/img\/licoes-de-recomeco.jpg\" alt=\"Inf\u00e2ncia\" src=\"data:image\/gif;base64,R0lGODlhAQABAAAAACH5BAEKAAEALAAAAAABAAEAAAICTAEAOw==\" class=\"lazyload\"><noscript><img decoding=\"async\" src=\"https:\/\/pga.museudapessoa.org\/_lib\/file\/img\/licoes-de-recomeco.jpg\" alt=\"Inf\u00e2ncia\"><\/noscript><\/noscript>\n                                        <\/div>\n                <\/div>\n              <\/div>\n              <div class=\"container\">\n                <div class=\"row\">\n                  <div class=\"col-md-8 offset-md-2\">\n                    <small class=\"d-inline-block mb-3\">3 de 4<\/small> \n                        <h3 class=\"mb-3\">Inf\u00e2ncia<\/h3>\n                      <p><\/p>\n                                            <p><b>Hist\u00f3ria: <\/b> <a href=\"https:\/\/hhh.memo.museudapessoa.org\/biomas-que-transformam\/historia-detalhe\/44979\">Li\u00e7\u00e3o de recome\u00e7o<\/a><\/p>\n                                        <\/div>\n                <\/div>\n              <\/div>\n          <\/div> \n                  <div id=\"midia-4\" class=\"gallery-details__item\">\n              <div class=\"container-fluid\">\n                <div class=\"row\">\n                  <div class=\"col-12 mb-5 px-0 text-center gallery-details__image\">\n                                              <img decoding=\"async\" src=\"https:\/\/pga.museudapessoa.org\/_lib\/file\/img\/PCSH_HV1206_FT005(1).jpg\" alt=\"Natureza\">\n                                        <\/div>\n                <\/div>\n              <\/div>\n              <div class=\"container\">\n                <div class=\"row\">\n                  <div class=\"col-md-8 offset-md-2\">\n                    <small class=\"d-inline-block mb-3\">4 de 4<\/small> \n                        <h3 class=\"mb-3\">Natureza<\/h3>\n                      <p><\/p>\n                                            <p><b>Hist\u00f3ria: <\/b> <a href=\"https:\/\/hhh.memo.museudapessoa.org\/biomas-que-transformam\/historia-detalhe\/44979\">Li\u00e7\u00e3o de recome\u00e7o<\/a><\/p>\n                                        <\/div>\n                <\/div>\n              <\/div>\n          <\/div> \n                <\/div>\n      <\/div>\n  <\/div><\/div>\n\n","protected":false},"excerpt":{"rendered":"","protected":false},"author":1,"featured_media":0,"parent":0,"menu_order":0,"comment_status":"closed","ping_status":"closed","template":"","meta":{"_acf_changed":false,"footnotes":""},"class_list":["post-5","page","type-page","status-publish","hentry"],"acf":[],"yoast_head":"<!-- This site is optimized with the Yoast SEO plugin v23.3 - https:\/\/yoast.com\/wordpress\/plugins\/seo\/ -->\n<title>M\u00eddias - Biomas que Transformam<\/title>\n<meta name=\"robots\" content=\"index, follow, max-snippet:-1, max-image-preview:large, max-video-preview:-1\" \/>\n<link rel=\"canonical\" href=\"https:\/\/hhh.memo.museudapessoa.org\/biomas-que-transformam\/midias\/\" \/>\n<meta property=\"og:locale\" content=\"pt_BR\" \/>\n<meta property=\"og:type\" content=\"article\" \/>\n<meta property=\"og:title\" content=\"M\u00eddias - Biomas que Transformam\" \/>\n<meta property=\"og:url\" content=\"https:\/\/hhh.memo.museudapessoa.org\/biomas-que-transformam\/midias\/\" \/>\n<meta property=\"og:site_name\" content=\"Biomas que Transformam\" \/>\n<meta name=\"twitter:card\" content=\"summary_large_image\" \/>\n<script type=\"application\/ld+json\" class=\"yoast-schema-graph\">{\"@context\":\"https:\/\/schema.org\",\"@graph\":[{\"@type\":\"WebPage\",\"@id\":\"https:\/\/hhh.memo.museudapessoa.org\/biomas-que-transformam\/midias\/\",\"url\":\"https:\/\/hhh.memo.museudapessoa.org\/biomas-que-transformam\/midias\/\",\"name\":\"M\u00eddias - Biomas que Transformam\",\"isPartOf\":{\"@id\":\"https:\/\/hhh.memo.museudapessoa.org\/biomas-que-transformam\/#website\"},\"datePublished\":\"2023-06-14T15:56:52+00:00\",\"dateModified\":\"2023-06-14T15:56:52+00:00\",\"breadcrumb\":{\"@id\":\"https:\/\/hhh.memo.museudapessoa.org\/biomas-que-transformam\/midias\/#breadcrumb\"},\"inLanguage\":\"pt-BR\",\"potentialAction\":[{\"@type\":\"ReadAction\",\"target\":[\"https:\/\/hhh.memo.museudapessoa.org\/biomas-que-transformam\/midias\/\"]}]},{\"@type\":\"BreadcrumbList\",\"@id\":\"https:\/\/hhh.memo.museudapessoa.org\/biomas-que-transformam\/midias\/#breadcrumb\",\"itemListElement\":[{\"@type\":\"ListItem\",\"position\":1,\"name\":\"Home\",\"item\":\"https:\/\/hhh.memo.museudapessoa.org\/biomas-que-transformam\/\"},{\"@type\":\"ListItem\",\"position\":2,\"name\":\"M\u00eddias\"}]},{\"@type\":\"WebSite\",\"@id\":\"https:\/\/hhh.memo.museudapessoa.org\/biomas-que-transformam\/#website\",\"url\":\"https:\/\/hhh.memo.museudapessoa.org\/biomas-que-transformam\/\",\"name\":\"Biomas que Transformam\",\"description\":\"\",\"potentialAction\":[{\"@type\":\"SearchAction\",\"target\":{\"@type\":\"EntryPoint\",\"urlTemplate\":\"https:\/\/hhh.memo.museudapessoa.org\/biomas-que-transformam\/?s={search_term_string}\"},\"query-input\":\"required name=search_term_string\"}],\"inLanguage\":\"pt-BR\"}]}<\/script>\n<!-- \/ Yoast SEO plugin. -->","yoast_head_json":{"title":"M\u00eddias - Biomas que Transformam","robots":{"index":"index","follow":"follow","max-snippet":"max-snippet:-1","max-image-preview":"max-image-preview:large","max-video-preview":"max-video-preview:-1"},"canonical":"https:\/\/hhh.memo.museudapessoa.org\/biomas-que-transformam\/midias\/","og_locale":"pt_BR","og_type":"article","og_title":"M\u00eddias - Biomas que Transformam","og_url":"https:\/\/hhh.memo.museudapessoa.org\/biomas-que-transformam\/midias\/","og_site_name":"Biomas que Transformam","twitter_card":"summary_large_image","schema":{"@context":"https:\/\/schema.org","@graph":[{"@type":"WebPage","@id":"https:\/\/hhh.memo.museudapessoa.org\/biomas-que-transformam\/midias\/","url":"https:\/\/hhh.memo.museudapessoa.org\/biomas-que-transformam\/midias\/","name":"M\u00eddias - Biomas que Transformam","isPartOf":{"@id":"https:\/\/hhh.memo.museudapessoa.org\/biomas-que-transformam\/#website"},"datePublished":"2023-06-14T15:56:52+00:00","dateModified":"2023-06-14T15:56:52+00:00","breadcrumb":{"@id":"https:\/\/hhh.memo.museudapessoa.org\/biomas-que-transformam\/midias\/#breadcrumb"},"inLanguage":"pt-BR","potentialAction":[{"@type":"ReadAction","target":["https:\/\/hhh.memo.museudapessoa.org\/biomas-que-transformam\/midias\/"]}]},{"@type":"BreadcrumbList","@id":"https:\/\/hhh.memo.museudapessoa.org\/biomas-que-transformam\/midias\/#breadcrumb","itemListElement":[{"@type":"ListItem","position":1,"name":"Home","item":"https:\/\/hhh.memo.museudapessoa.org\/biomas-que-transformam\/"},{"@type":"ListItem","position":2,"name":"M\u00eddias"}]},{"@type":"WebSite","@id":"https:\/\/hhh.memo.museudapessoa.org\/biomas-que-transformam\/#website","url":"https:\/\/hhh.memo.museudapessoa.org\/biomas-que-transformam\/","name":"Biomas que Transformam","description":"","potentialAction":[{"@type":"SearchAction","target":{"@type":"EntryPoint","urlTemplate":"https:\/\/hhh.memo.museudapessoa.org\/biomas-que-transformam\/?s={search_term_string}"},"query-input":"required name=search_term_string"}],"inLanguage":"pt-BR"}]}},"_links":{"self":[{"href":"https:\/\/hhh.memo.museudapessoa.org\/biomas-que-transformam\/wp-json\/wp\/v2\/pages\/5"}],"collection":[{"href":"https:\/\/hhh.memo.museudapessoa.org\/biomas-que-transformam\/wp-json\/wp\/v2\/pages"}],"about":[{"href":"https:\/\/hhh.memo.museudapessoa.org\/biomas-que-transformam\/wp-json\/wp\/v2\/types\/page"}],"author":[{"embeddable":true,"href":"https:\/\/hhh.memo.museudapessoa.org\/biomas-que-transformam\/wp-json\/wp\/v2\/users\/1"}],"replies":[{"embeddable":true,"href":"https:\/\/hhh.memo.museudapessoa.org\/biomas-que-transformam\/wp-json\/wp\/v2\/comments?post=5"}],"version-history":[{"count":1,"href":"https:\/\/hhh.memo.museudapessoa.org\/biomas-que-transformam\/wp-json\/wp\/v2\/pages\/5\/revisions"}],"predecessor-version":[{"id":6,"href":"https:\/\/hhh.memo.museudapessoa.org\/biomas-que-transformam\/wp-json\/wp\/v2\/pages\/5\/revisions\/6"}],"wp:attachment":[{"href":"https:\/\/hhh.memo.museudapessoa.org\/biomas-que-transformam\/wp-json\/wp\/v2\/media?parent=5"}],"curies":[{"name":"wp","href":"https:\/\/api.w.org\/{rel}","templated":true}]}}